{"id":104,"date":"2025-06-17T12:41:42","date_gmt":"2025-06-17T10:41:42","guid":{"rendered":"https:\/\/cissstmoise.com\/discover-us\/"},"modified":"2026-02-27T16:01:29","modified_gmt":"2026-02-27T16:01:29","slug":"a-propos","status":"publish","type":"page","link":"https:\/\/cissstmoise.com\/en\/a-propos\/","title":{"rendered":"\u00c0-propos"},"content":{"rendered":"<div data-elementor-type=\"wp-post\" data-elementor-id=\"104\" class=\"elementor elementor-104\">\n\t\t\t\t\t\t<section class=\"elementor-section elementor-top-section elementor-element elementor-element-73f8a37 elementor-section-boxed elementor-section-height-default elementor-section-height-default wpr-particle-no wpr-jarallax-no wpr-parallax-no wpr-sticky-section-no\" data-id=\"73f8a37\" data-element_type=\"section\">\n\t\t\t\t\t\t<div class=\"elementor-container elementor-column-gap-default\">\n\t\t\t\t\t<div class=\"elementor-column elementor-col-100 elementor-top-column elementor-element elementor-element-b9ca917\" data-id=\"b9ca917\" data-element_type=\"column\">\n\t\t\t<div class=\"elementor-column-wrap--b9ca917 elementor-widget-wrap elementor-element-populated\">\n\t\t\t\t\t\t<div class=\"elementor-element elementor-element-5247153 elementor-widget elementor-widget-heading\" data-id=\"5247153\" data-element_type=\"widget\" data-widget_type=\"heading.default\">\n\t\t\t\t<div class=\"elementor-widget-container\">\n\t\t\t\t\t<h1 class=\"elementor-heading-title elementor-size-xxl\">\u00c0 propos de Ciss Saint Mo\u00efse<\/h1>\t\t\t\t<\/div>\n\t\t\t\t<\/div>\n\t\t\t\t<div class=\"elementor-element elementor-element-c0efbfc elementor-widget__width-initial --il--stretch --il--tablet-stretch elementor-widget elementor-widget-text-editor\" data-id=\"c0efbfc\" data-element_type=\"widget\" data-widget_type=\"text-editor.default\">\n\t\t\t\t<div class=\"elementor-widget-container\">\n\t\t\t\t\t\t\t\t\t<p class=\"my-2 [&amp;+p]:mt-4 [&amp;_strong:has(+br)]:inline-block [&amp;_strong:has(+br)]:pb-2\"><strong>Ciss\u00e9 Moussa, alias Ciss St Mo\u00efse : l\u2019ic\u00f4ne intemporelle de l\u2019\u00e9l\u00e9gance masculine africaine<\/strong><\/p><p class=\"my-2 [&amp;+p]:mt-4 [&amp;_strong:has(+br)]:inline-block [&amp;_strong:has(+br)]:pb-2\">Universellement acclam\u00e9 sous le nom de Ciss St Mo\u00efse, Ciss\u00e9 Moussa est une figure embl\u00e9matique et incontournable de la mode africaine. Depuis pr\u00e8s de 35 ans, il incarne l\u2019excellence, le raffinement et l\u2019\u00e9l\u00e9gance masculine absolue. Sa maison de couture, Tropic 105, s\u2019est impos\u00e9e comme une r\u00e9f\u00e9rence parmi les grands designers du continent, c\u00e9l\u00e9br\u00e9e pour ses cr\u00e9ations sophistiqu\u00e9es qui fusionnent tradition et modernit\u00e9.<\/p><p class=\"my-2 [&amp;+p]:mt-4 [&amp;_strong:has(+br)]:inline-block [&amp;_strong:has(+br)]:pb-2\">Ce parcours exceptionnel est d\u2019autant plus inspirant qu\u2019il s\u2019agit d\u2019un autodidacte pur jus. Issu d\u2019une brillante carri\u00e8re acad\u00e9mique, il a os\u00e9 une transition audacieuse pour se consacrer corps et \u00e2me \u00e0 sa passion inn\u00e9e pour la couture. Aujourd\u2019hui, membre de la toute premi\u00e8re cohorte des\u00a0<strong>P\u00e9pites 2026<\/strong>, il continue de briller par son innovation et son leadership. En tant que\u00a0<strong>Commissaire G\u00e9n\u00e9ral du NZASSA MODE de Treichville<\/strong>, il pilote avec vision cet \u00e9v\u00e9nement majeur, propulsant la sc\u00e8ne mode ivoirienne sur l\u2019\u00e9chiquier international et formant la nouvelle g\u00e9n\u00e9ration de talents.<\/p><p class=\"my-2 [&amp;+p]:mt-4 [&amp;_strong:has(+br)]:inline-block [&amp;_strong:has(+br)]:pb-2\">Pionnier visionnaire, Ciss St Mo\u00efse ne se contente pas de cr\u00e9er des v\u00eatements : il forge une identit\u00e9 africaine fi\u00e8re, \u00e9l\u00e9gante et contemporaine, faisant de Tropic 105 un pilier incontournable de l\u2019h\u00e9ritage mode du continent.<\/p>\t\t\t\t\t\t\t\t<\/div>\n\t\t\t\t<\/div>\n\t\t\t\t\t<\/div>\n\t\t<\/div>\n\t\t\t\t\t<\/div>\n\t\t<\/section>\n\t\t\t\t<section class=\"elementor-section elementor-top-section elementor-element elementor-element-9a49337 elementor-section-height-min-height rey-section-bg--classic elementor-section-boxed elementor-section-height-default elementor-section-items-middle wpr-particle-no wpr-jarallax-no wpr-parallax-no wpr-sticky-section-no\" data-id=\"9a49337\" data-element_type=\"section\" data-settings=\"{&quot;background_background&quot;:&quot;classic&quot;}\">\n\t\t\t\t\t\t<div class=\"elementor-container elementor-column-gap-default\">\n\t\t\t\t\t<div class=\"elementor-column elementor-col-100 elementor-top-column elementor-element elementor-element-809e168 rey-colbg--classic\" data-id=\"809e168\" data-element_type=\"column\" data-settings=\"{&quot;background_background&quot;:&quot;classic&quot;}\">\n\t\t\t<div class=\"elementor-column-wrap--809e168 elementor-widget-wrap elementor-element-populated\">\n\t\t\t\t\t\t<div class=\"elementor-element elementor-element-b50ae55 elementor-widget elementor-widget-heading\" data-id=\"b50ae55\" data-element_type=\"widget\" data-widget_type=\"heading.default\">\n\t\t\t\t<div class=\"elementor-widget-container\">\n\t\t\t\t\t<h1 class=\"elementor-heading-title elementor-size-xl\">Dates et \u00e9v\u00e9nements marquants<\/h1>\t\t\t\t<\/div>\n\t\t\t\t<\/div>\n\t\t\t\t\t<\/div>\n\t\t<\/div>\n\t\t\t\t\t<\/div>\n\t\t<\/section>\n\t\t<div class=\"e-con-top elementor-element elementor-element-25fa69b rey-section-stretched e-flex e-con-boxed wpr-particle-no wpr-jarallax-no wpr-parallax-no wpr-sticky-section-no e-con e-parent\" data-id=\"25fa69b\" data-element_type=\"container\" data-settings=\"{&quot;background_background&quot;:&quot;classic&quot;}\">\n\t\t\t\t\t<div class=\"e-con-inner\">\n\t\t\t\t<div class=\"elementor-element elementor-element-9ee8ddd animated-slow elementor-invisible elementor-widget elementor-widget-timeline-widget-addon\" data-id=\"9ee8ddd\" data-element_type=\"widget\" data-settings=\"{&quot;_animation&quot;:&quot;fadeInLeft&quot;,&quot;_animation_delay&quot;:3000}\" data-widget_type=\"timeline-widget-addon.default\">\n\t\t\t\t<div class=\"elementor-widget-container\">\n\t\t\t\t\t<!-- ========= Timeline Widget Addon For Elementor 1.6.12 ========= -->\n<div id=\"twae-wrapper-9ee8ddd\" class=\"twae-vertical twae-wrapper  twae-both-sided\">   \n    <div class=\"twae-start\"><\/div>    \n    <div id=\"twea-timeline-9ee8ddd\" class=\"twae-timeline\" ><!-- Start of Story Repeater Content --><div id=\"story-608b89f\" class=\"twae-story twae-repeater-item twae-story-right twae-story-no-icon\"><!-- Story Label --><div class=\"twae-labels\"><div class=\"twae-label-big\">1989<\/div><\/div><!-- Story Icon --><div class=\"twae-icon\"><svg aria-hidden=\"true\" class=\"e-font-icon-svg e-far-calendar-alt\" viewbox=\"0 0 448 512\" xmlns=\"http:\/\/www.w3.org\/2000\/svg\"><path d=\"M148 288h-40c-6.6 0-12-5.4-12-12v-40c0-6.6 5.4-12 12-12h40c6.6 0 12 5.4 12 12v40c0 6.6-5.4 12-12 12zm108-12v-40c0-6.6-5.4-12-12-12h-40c-6.6 0-12 5.4-12 12v40c0 6.6 5.4 12 12 12h40c6.6 0 12-5.4 12-12zm96 0v-40c0-6.6-5.4-12-12-12h-40c-6.6 0-12 5.4-12 12v40c0 6.6 5.4 12 12 12h40c6.6 0 12-5.4 12-12zm-96 96v-40c0-6.6-5.4-12-12-12h-40c-6.6 0-12 5.4-12 12v40c0 6.6 5.4 12 12 12h40c6.6 0 12-5.4 12-12zm-96 0v-40c0-6.6-5.4-12-12-12h-40c-6.6 0-12 5.4-12 12v40c0 6.6 5.4 12 12 12h40c6.6 0 12-5.4 12-12zm192 0v-40c0-6.6-5.4-12-12-12h-40c-6.6 0-12 5.4-12 12v40c0 6.6 5.4 12 12 12h40c6.6 0 12-5.4 12-12zm96-260v352c0 26.5-21.5 48-48 48H48c-26.5 0-48-21.5-48-48V112c0-26.5 21.5-48 48-48h48V12c0-6.6 5.4-12 12-12h40c6.6 0 12 5.4 12 12v52h128V12c0-6.6 5.4-12 12-12h40c6.6 0 12 5.4 12 12v52h48c26.5 0 48 21.5 48 48zm-48 346V160H48v298c0 3.3 2.7 6 6 6h340c3.3 0 6-2.7 6-6z\"><\/path><\/svg><\/div><!-- Story Arrow --><div class=\"twae-arrow\"><\/div><!-- Start of Story Content --><div class=\"twae-content\"><!-- Story Title --><div class=\"twae-title\">Cr\u00e9ation de l Atelier  de couture TROPIC 105 et lancement du Label Ciss st Moise<\/div><!-- Story Image --><div class=\"twae-media large\"><img fetchpriority=\"high\" decoding=\"async\" width=\"1024\" height=\"799\" src=\"https:\/\/cissstmoise.com\/wp-content\/uploads\/2025\/08\/26841407_537905429923373_2726800650347611891_o.jpg\" class=\"attachment-large size-large\" alt=\"\" srcset=\"https:\/\/cissstmoise.com\/wp-content\/uploads\/2025\/08\/26841407_537905429923373_2726800650347611891_o.jpg 1024w, https:\/\/cissstmoise.com\/wp-content\/uploads\/2025\/08\/26841407_537905429923373_2726800650347611891_o-300x234.jpg 300w, https:\/\/cissstmoise.com\/wp-content\/uploads\/2025\/08\/26841407_537905429923373_2726800650347611891_o-768x599.jpg 768w, https:\/\/cissstmoise.com\/wp-content\/uploads\/2025\/08\/26841407_537905429923373_2726800650347611891_o-15x12.jpg 15w, https:\/\/cissstmoise.com\/wp-content\/uploads\/2025\/08\/26841407_537905429923373_2726800650347611891_o-900x702.jpg 900w\" sizes=\"(max-width: 1024px) 100vw, 1024px\" \/><\/div><!-- Story Description --><div class=\"twae-description\"><p><span style=\"color: #000000\">Ciss\u00e9\u202fMoussa, ancien professeur d\u2019histoire\u2011g\u00e9ographie, se consacre \u00e0 sa passion pour cr\u00e9er son atelier et lancer officiellement sa marque <strong data-start=\"138\" data-end=\"168\">Tropic\u202f105 \u2013 Ciss St\u202fMo\u00efse<\/strong>, \u00e0 Treichville dans l\u2019ouest d\u2019Abidjan. Il emploie une quarantaine de personnes et commence \u00e0 asseoir sa renomm\u00e9e dans la confection de v\u00eatements masculins \u00e9l\u00e9gants.<\/span><\/p><\/div><\/div><\/div><!-- Start of Story Repeater Content --><div id=\"story-961d2af\" class=\"twae-story twae-repeater-item twae-story-left twae-story-no-icon\"><!-- Story Label --><div class=\"twae-labels\"><div class=\"twae-label-big\">2000<\/div><\/div><!-- Story Icon --><div class=\"twae-icon\"><i aria-hidden=\"true\" class=\"far fa-clock\"><\/i><\/div><!-- Story Arrow --><div class=\"twae-arrow\"><\/div><!-- Start of Story Content --><div class=\"twae-content\"><!-- Story Title --><div class=\"twae-title\">Lancement du label sous son nom<\/div><!-- Story Image --><div class=\"twae-media large\"><img decoding=\"async\" width=\"1024\" height=\"683\" src=\"https:\/\/cissstmoise.com\/wp-content\/uploads\/2025\/07\/IMG_4746-copie-1024x683.jpg\" class=\"attachment-large size-large\" alt=\"\" srcset=\"https:\/\/cissstmoise.com\/wp-content\/uploads\/2025\/07\/IMG_4746-copie-1024x683.jpg 1024w, https:\/\/cissstmoise.com\/wp-content\/uploads\/2025\/07\/IMG_4746-copie-300x200.jpg 300w, https:\/\/cissstmoise.com\/wp-content\/uploads\/2025\/07\/IMG_4746-copie-768x512.jpg 768w, https:\/\/cissstmoise.com\/wp-content\/uploads\/2025\/07\/IMG_4746-copie-1536x1024.jpg 1536w, https:\/\/cissstmoise.com\/wp-content\/uploads\/2025\/07\/IMG_4746-copie-2048x1365.jpg 2048w, https:\/\/cissstmoise.com\/wp-content\/uploads\/2025\/07\/IMG_4746-copie-900x600.jpg 900w\" sizes=\"(max-width: 1024px) 100vw, 1024px\" \/><\/div><!-- Story Description --><div class=\"twae-description\"><p><span style=\"color: #000000\">Apr\u00e8s une carri\u00e8re dans l\u2019enseignement, il passe \u00e0 une nouvelle \u00e9tape en se consacrant enti\u00e8rement \u00e0 sa passion, la mode. IL lance officiellement son label Ciss St Mo\u00efse dans son tout nouvel atelier de couture Tropic 105 \u00e0 Treichville, coeur de l artisanat \u00e0 Abidjan. La marque commence \u00e0 se d\u00e9velopper progressivement \u00e0 l\u2019\u00e9chelle nationale, il emploie \u00e0 ce moment une quarantaine de personnes et commence \u00e0 asseoir sa notori\u00e9t\u00e9 dans la capitale.<\/span><\/p><\/div><\/div><\/div><!-- Start of Story Repeater Content --><div id=\"story-2c7f60c\" class=\"twae-story twae-repeater-item twae-story-right twae-story-no-icon\"><!-- Story Label --><div class=\"twae-labels\"><div class=\"twae-label-big\">2003<\/div><\/div><!-- Story Icon --><div class=\"twae-icon\"><i aria-hidden=\"true\" class=\"far fa-clock\"><\/i><\/div><!-- Story Arrow --><div class=\"twae-arrow\"><\/div><!-- Start of Story Content --><div class=\"twae-content\"><!-- Story Title --><div class=\"twae-title\">Laur\u00e9at du troph\u00e9e Citro\u00ebn des Cr\u00e9ateurs<\/div><!-- Story Image --><div class=\"twae-media large\"><img decoding=\"async\" width=\"1024\" height=\"683\" src=\"https:\/\/cissstmoise.com\/wp-content\/uploads\/2025\/08\/CSM_img-1024x683.jpg\" class=\"attachment-large size-large\" alt=\"\" srcset=\"https:\/\/cissstmoise.com\/wp-content\/uploads\/2025\/08\/CSM_img-1024x683.jpg 1024w, https:\/\/cissstmoise.com\/wp-content\/uploads\/2025\/08\/CSM_img-300x200.jpg 300w, https:\/\/cissstmoise.com\/wp-content\/uploads\/2025\/08\/CSM_img-768x512.jpg 768w, https:\/\/cissstmoise.com\/wp-content\/uploads\/2025\/08\/CSM_img-1536x1024.jpg 1536w, https:\/\/cissstmoise.com\/wp-content\/uploads\/2025\/08\/CSM_img-900x600.jpg 900w, https:\/\/cissstmoise.com\/wp-content\/uploads\/2025\/08\/CSM_img.jpg 1620w\" sizes=\"(max-width: 1024px) 100vw, 1024px\" \/><\/div><!-- Story Description --><div class=\"twae-description\"><p><span style=\"color: #000000\">La marque remporte le prestigieux <strong data-start=\"34\" data-end=\"88\">troph\u00e9e Citro\u00ebn des Cr\u00e9ateurs et Stylistes de Mode<\/strong> en France, une reconnaissance internationale importante pour un styliste ivoirien. Cet honneur confirme la mont\u00e9e en puissance de Ciss St\u202fMo\u00efse sur la sc\u00e8ne de la mode.<\/span><\/p><\/div><\/div><\/div><!-- Start of Story Repeater Content --><div id=\"story-5870525\" class=\"twae-story twae-repeater-item twae-story-left twae-story-no-icon\"><!-- Story Label --><div class=\"twae-labels\"><div class=\"twae-label-big\">2014<\/div><\/div><!-- Story Icon --><div class=\"twae-icon\"><i aria-hidden=\"true\" class=\"far fa-clock\"><\/i><\/div><!-- Story Arrow --><div class=\"twae-arrow\"><\/div><!-- Start of Story Content --><div class=\"twae-content\"><!-- Story Title --><div class=\"twae-title\">Lancement du 1er festival N\u2019Zassa Mode<\/div><!-- Story Image --><div class=\"twae-media large\"><img loading=\"lazy\" decoding=\"async\" width=\"720\" height=\"478\" src=\"https:\/\/cissstmoise.com\/wp-content\/uploads\/2025\/08\/26841407_537905429923373_27268006503611891_o.jpg\" class=\"attachment-large size-large\" alt=\"\" srcset=\"https:\/\/cissstmoise.com\/wp-content\/uploads\/2025\/08\/26841407_537905429923373_27268006503611891_o.jpg 720w, https:\/\/cissstmoise.com\/wp-content\/uploads\/2025\/08\/26841407_537905429923373_27268006503611891_o-300x199.jpg 300w, https:\/\/cissstmoise.com\/wp-content\/uploads\/2025\/08\/26841407_537905429923373_27268006503611891_o-18x12.jpg 18w\" sizes=\"(max-width: 720px) 100vw, 720px\" \/><\/div><!-- Story Description --><div class=\"twae-description\"><p><span style=\"color: #000000\">M. Ciss\u00e9 est le\u00a0<b>Commissaire G\u00e9n\u00e9ral du NZASSA MODE de Treichville<\/b>, destin\u00e9 \u00e0 promouvoir la diversit\u00e9 culturelle ivoirienne et la cr\u00e9ation artistique locale. L\u2019\u00e9v\u00e9nement rassemble cr\u00e9ateurs ivoiriens et du continent autour d\u2019un concept d\u2019\u00ab\u202fafro\u2011optimisme\u202f\u00bb.<\/span><\/p><\/div><\/div><\/div><!-- Start of Story Repeater Content --><div id=\"story-4f3c355\" class=\"twae-story twae-repeater-item twae-story-right twae-story-no-icon\"><!-- Story Label --><div class=\"twae-labels\"><div class=\"twae-label-big\">2016<\/div><\/div><!-- Story Icon --><div class=\"twae-icon\"><i aria-hidden=\"true\" class=\"far fa-clock\"><\/i><\/div><!-- Story Arrow --><div class=\"twae-arrow\"><\/div><!-- Start of Story Content --><div class=\"twae-content\"><!-- Story Title --><div class=\"twae-title\">Prix d\u2019Excellence du Meilleur Artisan<\/div><!-- Story Image --><div class=\"twae-media large\"><img loading=\"lazy\" decoding=\"async\" width=\"600\" height=\"338\" src=\"https:\/\/cissstmoise.com\/wp-content\/uploads\/2025\/08\/photo_1693926434.jpg\" class=\"attachment-large size-large\" alt=\"\" srcset=\"https:\/\/cissstmoise.com\/wp-content\/uploads\/2025\/08\/photo_1693926434.jpg 600w, https:\/\/cissstmoise.com\/wp-content\/uploads\/2025\/08\/photo_1693926434-300x169.jpg 300w, https:\/\/cissstmoise.com\/wp-content\/uploads\/2025\/08\/photo_1693926434-18x10.jpg 18w\" sizes=\"(max-width: 600px) 100vw, 600px\" \/><\/div><!-- Story Description --><div class=\"twae-description\"><p><span class=\"relative -mx-px my-[-0.2rem] rounded px-px py-[0.2rem] transition-colors duration-100 ease-in-out\" style=\"color: #000000\">Le pr\u00e9sident de la R\u00e9publique de C\u00f4te d\u2019Ivoire d\u00e9cerne \u00e0 Ciss St\u202fMo\u00efse le <strong data-start=\"74\" data-end=\"115\">Prix d\u2019Excellence du Meilleur Artisan<\/strong>, r\u00e9compensant son expertise dans la confection et sa contribution \u00e0 l\u2019artisanat national. Cette distinction officialise son statut d\u2019excellence.<\/span><\/p><\/div><\/div><\/div><!-- Start of Story Repeater Content --><div id=\"story-7894a27\" class=\"twae-story twae-repeater-item twae-story-left twae-story-no-icon\"><!-- Story Label --><div class=\"twae-labels\"><div class=\"twae-label-big\">13 novembre 2024<\/div><\/div><!-- Story Icon --><div class=\"twae-icon\"><i aria-hidden=\"true\" class=\"far fa-clock\"><\/i><\/div><!-- Story Arrow --><div class=\"twae-arrow\"><\/div><!-- Start of Story Content --><div class=\"twae-content\"><!-- Story Title --><div class=\"twae-title\">D\u00e9coration Docteur honoris causa<\/div><!-- Story Image --><div class=\"twae-media large\"><img loading=\"lazy\" decoding=\"async\" width=\"1024\" height=\"682\" src=\"https:\/\/cissstmoise.com\/wp-content\/uploads\/2025\/08\/ciss-st-moise-dr-honoris-1024x682.jpeg\" class=\"attachment-large size-large\" alt=\"\" srcset=\"https:\/\/cissstmoise.com\/wp-content\/uploads\/2025\/08\/ciss-st-moise-dr-honoris-1024x682.jpeg 1024w, https:\/\/cissstmoise.com\/wp-content\/uploads\/2025\/08\/ciss-st-moise-dr-honoris-300x200.jpeg 300w, https:\/\/cissstmoise.com\/wp-content\/uploads\/2025\/08\/ciss-st-moise-dr-honoris-768x512.jpeg 768w, https:\/\/cissstmoise.com\/wp-content\/uploads\/2025\/08\/ciss-st-moise-dr-honoris-1536x1023.jpeg 1536w, https:\/\/cissstmoise.com\/wp-content\/uploads\/2025\/08\/ciss-st-moise-dr-honoris-900x600.jpeg 900w, https:\/\/cissstmoise.com\/wp-content\/uploads\/2025\/08\/ciss-st-moise-dr-honoris.jpeg 1600w\" sizes=\"(max-width: 1024px) 100vw, 1024px\" \/><\/div><!-- Story Description --><div class=\"twae-description\"><p><span style=\"color: #000000\">Le styliste est \u00e9lev\u00e9 au rang de <strong data-start=\"33\" data-end=\"58\">Docteur honoris causa<\/strong> par le Centre de valorisation professionnelle de Tunis, en partenariat avec l\u2019Institut africain de recherche pluridisciplinaire appliqu\u00e9e (IARPA). Ce titre honore son engagement dans la valorisation de la mode africaine et son impact culturel.<\/span><\/p><\/div><\/div><\/div><!-- Start of Story Repeater Content --><div id=\"story-463b9cb\" class=\"twae-story twae-repeater-item twae-story-right twae-story-no-icon\"><!-- Story Label --><div class=\"twae-labels\"><div class=\"twae-label-big\">2023<\/div><\/div><!-- Story Icon --><div class=\"twae-icon\"><i aria-hidden=\"true\" class=\"far fa-clock\"><\/i><\/div><!-- Story Arrow --><div class=\"twae-arrow\"><\/div><!-- Start of Story Content --><div class=\"twae-content\"><!-- Story Title --><div class=\"twae-title\">Inauguration d\u2019une unit\u00e9 de production moderne \u00e0 Koumassi<\/div><!-- Story Image --><div class=\"twae-media large\"><img loading=\"lazy\" decoding=\"async\" width=\"1024\" height=\"683\" src=\"https:\/\/cissstmoise.com\/wp-content\/uploads\/2025\/07\/IMG_0209-1024x683.jpg\" class=\"attachment-large size-large\" alt=\"\" srcset=\"https:\/\/cissstmoise.com\/wp-content\/uploads\/2025\/07\/IMG_0209-1024x683.jpg 1024w, https:\/\/cissstmoise.com\/wp-content\/uploads\/2025\/07\/IMG_0209-300x200.jpg 300w, https:\/\/cissstmoise.com\/wp-content\/uploads\/2025\/07\/IMG_0209-768x512.jpg 768w, https:\/\/cissstmoise.com\/wp-content\/uploads\/2025\/07\/IMG_0209-1536x1024.jpg 1536w, https:\/\/cissstmoise.com\/wp-content\/uploads\/2025\/07\/IMG_0209-2048x1365.jpg 2048w, https:\/\/cissstmoise.com\/wp-content\/uploads\/2025\/07\/IMG_0209-900x600.jpg 900w\" sizes=\"(max-width: 1024px) 100vw, 1024px\" \/><\/div><!-- Story Description --><div class=\"twae-description\"><p><span style=\"color: #000000\">La marque inaugure une <strong data-start=\"23\" data-end=\"57\">unit\u00e9 de production modernis\u00e9e<\/strong> \u00e0 Koumassi, permettant une production de masse qui alimente ses quatre boutiques d\u2019Abidjan. L\u2019installation emploie plus de soixante personnes et renforce l\u2019autonomie industrielle de l\u2019entreprise.<\/span><\/p><\/div><\/div><\/div><\/div>\n    <div class=\"twae-end\"><\/div>\n    <\/div><style type=\"text\/css\">@media (max-width: 1024px){ .twae-wrapper{--tw-ybx-size: 80px !important;}}@media (max-width: 767px){ .twae-wrapper{--tw-ybx-size: 80px !important}}<\/style>\t\t\t\t<\/div>\n\t\t\t\t<\/div>\n\t\t\t\t\t<\/div>\n\t\t\t\t<\/div>\n\t\t\t\t<\/div>","protected":false},"excerpt":{"rendered":"<p>\u00c0 propos de Ciss Saint Mo\u00efse Ciss\u00e9 Moussa, alias Ciss St Mo\u00efse : l\u2019ic\u00f4ne intemporelle de l\u2019\u00e9l\u00e9gance masculine africaine Universellement acclam\u00e9 sous le nom de Ciss St Mo\u00efse, Ciss\u00e9 Moussa est une figure embl\u00e9matique et incontournable de la mode africaine. Depuis pr\u00e8s de 35 ans, il incarne l\u2019excellence, le raffinement et l\u2019\u00e9l\u00e9gance masculine absolue. Sa [&hellip;]<\/p>","protected":false},"author":5,"featured_media":0,"parent":0,"menu_order":0,"comment_status":"closed","ping_status":"closed","template":"template-builder.php","meta":{"_acf_changed":false,"footnotes":""},"class_list":["post-104","page","type-page","status-publish","hentry"],"acf":[],"_links":{"self":[{"href":"https:\/\/cissstmoise.com\/en\/wp-json\/wp\/v2\/pages\/104","targetHints":{"allow":["GET"]}}],"collection":[{"href":"https:\/\/cissstmoise.com\/en\/wp-json\/wp\/v2\/pages"}],"about":[{"href":"https:\/\/cissstmoise.com\/en\/wp-json\/wp\/v2\/types\/page"}],"author":[{"embeddable":true,"href":"https:\/\/cissstmoise.com\/en\/wp-json\/wp\/v2\/users\/5"}],"replies":[{"embeddable":true,"href":"https:\/\/cissstmoise.com\/en\/wp-json\/wp\/v2\/comments?post=104"}],"version-history":[{"count":121,"href":"https:\/\/cissstmoise.com\/en\/wp-json\/wp\/v2\/pages\/104\/revisions"}],"predecessor-version":[{"id":2734,"href":"https:\/\/cissstmoise.com\/en\/wp-json\/wp\/v2\/pages\/104\/revisions\/2734"}],"wp:attachment":[{"href":"https:\/\/cissstmoise.com\/en\/wp-json\/wp\/v2\/media?parent=104"}],"curies":[{"name":"wp","href":"https:\/\/api.w.org\/{rel}","templated":true}]}}