{"id":1689,"date":"2025-07-29T14:34:43","date_gmt":"2025-07-29T12:34:43","guid":{"rendered":"https:\/\/cissstmoise.com\/?page_id=1689"},"modified":"2025-12-01T18:38:56","modified_gmt":"2025-12-01T17:38:56","slug":"boutiques","status":"publish","type":"page","link":"https:\/\/cissstmoise.com\/en\/boutiques\/","title":{"rendered":"boutiques"},"content":{"rendered":"<div data-elementor-type=\"wp-page\" data-elementor-id=\"1689\" class=\"elementor elementor-1689\">\n\t\t\t\t<div class=\"e-con-top elementor-element elementor-element-7b26d63 rey-section-stretched e-flex e-con-boxed wpr-particle-no wpr-jarallax-no wpr-parallax-no wpr-sticky-section-no e-con e-parent\" data-id=\"7b26d63\" data-element_type=\"container\" data-settings=\"{&quot;background_background&quot;:&quot;classic&quot;}\">\n\t\t\t\t\t<div class=\"e-con-inner\">\n\t\t\t\t<div class=\"elementor-element elementor-element-c958423 elementor-widget-mobile__width-inherit elementor-invisible elementor-widget elementor-widget-heading\" data-id=\"c958423\" data-element_type=\"widget\" data-settings=\"{&quot;_animation&quot;:&quot;fadeInUp&quot;}\" data-widget_type=\"heading.default\">\n\t\t\t\t<div class=\"elementor-widget-container\">\n\t\t\t\t\t<h2 class=\"elementor-heading-title elementor-size-xxl\">D\u00e9couvrez nos diff\u00e9rentes boutiques partout \u00e0 Abidjan<\/h2>\t\t\t\t<\/div>\n\t\t\t\t<\/div>\n\t\t\t\t<div class=\"elementor-element elementor-element-ce7dc52 e-n-tabs-mobile elementor-widget elementor-widget-n-tabs\" data-id=\"ce7dc52\" data-element_type=\"widget\" data-settings=\"{&quot;horizontal_scroll&quot;:&quot;disable&quot;}\" data-widget_type=\"nested-tabs.default\">\n\t\t\t\t<div class=\"elementor-widget-container\">\n\t\t\t\t\t\t\t<div class=\"e-n-tabs\" data-widget-number=\"216521810\" aria-label=\"Tabs. Open items with Enter or Space, close with Escape and navigate using the Arrow keys.\">\n\t\t\t<div class=\"e-n-tabs-heading\" role=\"tablist\">\n\t\t\t\t\t<button id=\"boxe\" class=\"e-n-tab-title\" aria-selected=\"true\" data-tab-index=\"1\" role=\"tab\" tabindex=\"0\" aria-controls=\"e-n-tab-content-2165218101\" style=\"--n-tabs-title-order: 1;\">\n\t\t\t\t\t\t<span class=\"e-n-tab-title-text\">\n\t\t\t\tTreichville\t\t\t<\/span>\n\t\t<\/button>\n\t\t\t\t<button id=\"boxe\" class=\"e-n-tab-title\" aria-selected=\"false\" data-tab-index=\"2\" role=\"tab\" tabindex=\"-1\" aria-controls=\"e-n-tab-content-2165218102\" style=\"--n-tabs-title-order: 2;\">\n\t\t\t\t\t\t<span class=\"e-n-tab-title-text\">\n\t\t\t\tCocody Angr\u00e9\t\t\t<\/span>\n\t\t<\/button>\n\t\t\t\t<button id=\"boxe\" class=\"e-n-tab-title\" aria-selected=\"false\" data-tab-index=\"3\" role=\"tab\" tabindex=\"-1\" aria-controls=\"e-n-tab-content-2165218103\" style=\"--n-tabs-title-order: 3;\">\n\t\t\t\t\t\t<span class=\"e-n-tab-title-text\">\n\t\t\t\tYopougon\t\t\t<\/span>\n\t\t<\/button>\n\t\t\t\t<button id=\"boxe\" class=\"e-n-tab-title\" aria-selected=\"false\" data-tab-index=\"4\" role=\"tab\" tabindex=\"-1\" aria-controls=\"e-n-tab-content-2165218104\" style=\"--n-tabs-title-order: 4;\">\n\t\t\t\t\t\t<span class=\"e-n-tab-title-text\">\n\t\t\t\tKoumassi\t\t\t<\/span>\n\t\t<\/button>\n\t\t\t\t\t<\/div>\n\t\t\t<div class=\"e-n-tabs-content\">\n\t\t\t\t<div id=\"e-n-tab-content-2165218101\" role=\"tabpanel\" aria-labelledby=\"boxe\" data-tab-index=\"1\" style=\"--n-tabs-title-order: 1;\" class=\"e-active elementor-element elementor-element-e049af7 e-con-full e-flex wpr-particle-no wpr-jarallax-no wpr-parallax-no wpr-sticky-section-no e-con e-child\" data-id=\"e049af7\" data-element_type=\"container\">\n\t\t<div class=\"elementor-element elementor-element-6e6c46e e-con-full e-flex wpr-particle-no wpr-jarallax-no wpr-parallax-no wpr-sticky-section-no e-con e-child\" data-id=\"6e6c46e\" data-element_type=\"container\">\n\t\t\t\t<div class=\"elementor-element elementor-element-2853cea elementor-widget elementor-widget-heading\" data-id=\"2853cea\" data-element_type=\"widget\" data-widget_type=\"heading.default\">\n\t\t\t\t<div class=\"elementor-widget-container\">\n\t\t\t\t\t<h2 class=\"elementor-heading-title elementor-size-default\">Treichville<\/h2>\t\t\t\t<\/div>\n\t\t\t\t<\/div>\n\t\t\t\t<\/div>\n\t\t<div class=\"elementor-element elementor-element-fef7000 e-con-full e-flex wpr-particle-no wpr-jarallax-no wpr-parallax-no wpr-sticky-section-no e-con e-child\" data-id=\"fef7000\" data-element_type=\"container\">\n\t\t\t\t<div class=\"elementor-element elementor-element-a9e5f98 elementor-widget elementor-widget-text-editor\" data-id=\"a9e5f98\" data-element_type=\"widget\" data-widget_type=\"text-editor.default\">\n\t\t\t\t<div class=\"elementor-widget-container\">\n\t\t\t\t\t\t\t\t\t<p><strong data-start=\"347\" data-end=\"393\">Essayez nos pi\u00e8ces embl\u00e9matiques sur place<\/strong>, ressentez la qualit\u00e9 des mati\u00e8res, laissez-vous guider par nos conseillers, et trouvez la tenue qui vous ressemble.<\/p><h3>Boutique Treichville : +225 07 68 38 38 31<\/h3>\t\t\t\t\t\t\t\t<\/div>\n\t\t\t\t<\/div>\n\t\t\t\t<\/div>\n\t\t<div class=\"elementor-element elementor-element-1d0fdf0 e-con-full e-flex wpr-particle-no wpr-jarallax-no wpr-parallax-no wpr-sticky-section-no e-con e-child\" data-id=\"1d0fdf0\" data-element_type=\"container\">\n\t\t\t\t<div class=\"elementor-element elementor-element-247d118 elementor-widget elementor-widget-google_maps\" data-id=\"247d118\" data-element_type=\"widget\" data-widget_type=\"google_maps.default\">\n\t\t\t\t<div class=\"elementor-widget-container\">\n\t\t\t\t\t\t\t<div class=\"elementor-custom-embed\">\n\t\t\t<iframe loading=\"lazy\"\n\t\t\t\t\tsrc=\"https:\/\/maps.google.com\/maps?q=Abidjan%20Treichville%20Avenue%2021%20Ciss%20St%20Moise&#038;t=m&#038;z=13&#038;output=embed&#038;iwloc=near\"\n\t\t\t\t\ttitle=\"Abidjan Treichville Avenue 21 Ciss St Moise\"\n\t\t\t\t\taria-label=\"Abidjan Treichville Avenue 21 Ciss St Moise\"\n\t\t\t><\/iframe>\n\t\t<\/div>\n\t\t\t\t\t\t<\/div>\n\t\t\t\t<\/div>\n\t\t\t\t<\/div>\n\t\t\t\t<\/div>\n\t\t<div id=\"e-n-tab-content-2165218102\" role=\"tabpanel\" aria-labelledby=\"boxe\" data-tab-index=\"2\" style=\"--n-tabs-title-order: 2;\" class=\"elementor-element elementor-element-813f8af e-con-full e-flex wpr-particle-no wpr-jarallax-no wpr-parallax-no wpr-sticky-section-no e-con e-child\" data-id=\"813f8af\" data-element_type=\"container\">\n\t\t<div class=\"elementor-element elementor-element-4a89b34 e-con-full e-flex wpr-particle-no wpr-jarallax-no wpr-parallax-no wpr-sticky-section-no e-con e-child\" data-id=\"4a89b34\" data-element_type=\"container\">\n\t\t\t\t<div class=\"elementor-element elementor-element-98b1820 elementor-widget elementor-widget-heading\" data-id=\"98b1820\" data-element_type=\"widget\" data-widget_type=\"heading.default\">\n\t\t\t\t<div class=\"elementor-widget-container\">\n\t\t\t\t\t<h2 class=\"elementor-heading-title elementor-size-default\">Cocody<\/h2>\t\t\t\t<\/div>\n\t\t\t\t<\/div>\n\t\t\t\t<\/div>\n\t\t\t\t<div class=\"elementor-element elementor-element-45088cd elementor-widget elementor-widget-text-editor\" data-id=\"45088cd\" data-element_type=\"widget\" data-widget_type=\"text-editor.default\">\n\t\t\t\t<div class=\"elementor-widget-container\">\n\t\t\t\t\t\t\t\t\t<p>Plongez dans l\u2019univers raffin\u00e9 de <strong data-start=\"231\" data-end=\"248\">Ciss St Mo\u00efse<\/strong>, o\u00f9 chaque cr\u00e9ation prend vie entre tissus nobles, savoir-faire africain et \u00e9l\u00e9gance moderne.<br \/>Venez, essayez, \u00e9changez\u2026 et repartez avec une pi\u00e8ce unique qui sublime votre style.<\/p><h3>Cocody ENA: +225 07 48 17 17 48<\/h3>\t\t\t\t\t\t\t\t<\/div>\n\t\t\t\t<\/div>\n\t\t\t\t<div class=\"elementor-element elementor-element-acc0231 elementor-widget elementor-widget-google_maps\" data-id=\"acc0231\" data-element_type=\"widget\" data-widget_type=\"google_maps.default\">\n\t\t\t\t<div class=\"elementor-widget-container\">\n\t\t\t\t\t\t\t<div class=\"elementor-custom-embed\">\n\t\t\t<iframe loading=\"lazy\"\n\t\t\t\t\tsrc=\"https:\/\/maps.google.com\/maps?q=Abidjan%20Cocody%20Ciss%20St%20Moise%202Plateaux&#038;t=m&#038;z=13&#038;output=embed&#038;iwloc=near\"\n\t\t\t\t\ttitle=\"Abidjan Cocody Ciss St Moise 2Plateaux\"\n\t\t\t\t\taria-label=\"Abidjan Cocody Ciss St Moise 2Plateaux\"\n\t\t\t><\/iframe>\n\t\t<\/div>\n\t\t\t\t\t\t<\/div>\n\t\t\t\t<\/div>\n\t\t\t\t<\/div>\n\t\t<div id=\"e-n-tab-content-2165218103\" role=\"tabpanel\" aria-labelledby=\"boxe\" data-tab-index=\"3\" style=\"--n-tabs-title-order: 3;\" class=\"elementor-element elementor-element-e469c19 e-con-full e-flex wpr-particle-no wpr-jarallax-no wpr-parallax-no wpr-sticky-section-no e-con e-child\" data-id=\"e469c19\" data-element_type=\"container\">\n\t\t<div class=\"elementor-element elementor-element-0113ceb e-con-full e-flex wpr-particle-no wpr-jarallax-no wpr-parallax-no wpr-sticky-section-no e-con e-child\" data-id=\"0113ceb\" data-element_type=\"container\">\n\t\t<div class=\"elementor-element elementor-element-6ca8fbe e-con-full e-flex wpr-particle-no wpr-jarallax-no wpr-parallax-no wpr-sticky-section-no e-con e-child\" data-id=\"6ca8fbe\" data-element_type=\"container\">\n\t\t\t\t<div class=\"elementor-element elementor-element-f66d7d7 elementor-widget elementor-widget-heading\" data-id=\"f66d7d7\" data-element_type=\"widget\" data-widget_type=\"heading.default\">\n\t\t\t\t<div class=\"elementor-widget-container\">\n\t\t\t\t\t<h2 class=\"elementor-heading-title elementor-size-default\">Yopougon<\/h2>\t\t\t\t<\/div>\n\t\t\t\t<\/div>\n\t\t\t\t<\/div>\n\t\t\t\t<div class=\"elementor-element elementor-element-1e369a5 elementor-widget elementor-widget-text-editor\" data-id=\"1e369a5\" data-element_type=\"widget\" data-widget_type=\"text-editor.default\">\n\t\t\t\t<div class=\"elementor-widget-container\">\n\t\t\t\t\t\t\t\t\t<p>\u00a0<\/p><p>Venez, essayez, \u00e9changez\u2026 et repartez avec une pi\u00e8ce unique qui sublime votre style.<br \/><strong data-start=\"347\" data-end=\"393\">Essayez nos pi\u00e8ces embl\u00e9matiques sur place<\/strong>, ressentez la qualit\u00e9 des mati\u00e8res, laissez-vous guider par nos conseillers, et trouvez la tenue qui vous ressemble.<\/p><h3>Yopougon Cosmos: +225 01 71 53 33 33<\/h3>\t\t\t\t\t\t\t\t<\/div>\n\t\t\t\t<\/div>\n\t\t\t\t<\/div>\n\t\t<div class=\"elementor-element elementor-element-9dc3139 e-con-full e-flex wpr-particle-no wpr-jarallax-no wpr-parallax-no wpr-sticky-section-no e-con e-child\" data-id=\"9dc3139\" data-element_type=\"container\">\n\t\t\t\t<div class=\"elementor-element elementor-element-1bb9921 elementor-widget elementor-widget-google_maps\" data-id=\"1bb9921\" data-element_type=\"widget\" data-widget_type=\"google_maps.default\">\n\t\t\t\t<div class=\"elementor-widget-container\">\n\t\t\t\t\t\t\t<div class=\"elementor-custom-embed\">\n\t\t\t<iframe loading=\"lazy\"\n\t\t\t\t\tsrc=\"https:\/\/maps.google.com\/maps?q=Abidjan%20Yopougon%20Ciss%20St%20Moise&#038;t=m&#038;z=13&#038;output=embed&#038;iwloc=near\"\n\t\t\t\t\ttitle=\"Abidjan Yopougon Ciss St Moise\"\n\t\t\t\t\taria-label=\"Abidjan Yopougon Ciss St Moise\"\n\t\t\t><\/iframe>\n\t\t<\/div>\n\t\t\t\t\t\t<\/div>\n\t\t\t\t<\/div>\n\t\t\t\t<\/div>\n\t\t\t\t<\/div>\n\t\t<div id=\"e-n-tab-content-2165218104\" role=\"tabpanel\" aria-labelledby=\"boxe\" data-tab-index=\"4\" style=\"--n-tabs-title-order: 4;\" class=\"elementor-element elementor-element-8bba09b e-flex e-con-boxed wpr-particle-no wpr-jarallax-no wpr-parallax-no wpr-sticky-section-no e-con e-child\" data-id=\"8bba09b\" data-element_type=\"container\">\n\t\t\t\t\t<div class=\"e-con-inner\">\n\t\t<div class=\"elementor-element elementor-element-fb44668 e-con-full e-flex wpr-particle-no wpr-jarallax-no wpr-parallax-no wpr-sticky-section-no e-con e-child\" data-id=\"fb44668\" data-element_type=\"container\">\n\t\t\t\t<div class=\"elementor-element elementor-element-fa099eb elementor-widget elementor-widget-heading\" data-id=\"fa099eb\" data-element_type=\"widget\" data-widget_type=\"heading.default\">\n\t\t\t\t<div class=\"elementor-widget-container\">\n\t\t\t\t\t<h2 class=\"elementor-heading-title elementor-size-default\">Koumassi<\/h2>\t\t\t\t<\/div>\n\t\t\t\t<\/div>\n\t\t\t\t<\/div>\n\t\t\t\t<div class=\"elementor-element elementor-element-283d30c elementor-widget elementor-widget-text-editor\" data-id=\"283d30c\" data-element_type=\"widget\" data-widget_type=\"text-editor.default\">\n\t\t\t\t<div class=\"elementor-widget-container\">\n\t\t\t\t\t\t\t\t\t<p data-start=\"792\" data-end=\"818\">En boutique, profitez de <strong data-start=\"824\" data-end=\"850\">conseils personnalis\u00e9s, d<\/strong>\u2019un <strong data-start=\"858\" data-end=\"881\">essayage sur mesure e<\/strong>t d\u2019un <strong data-start=\"892\" data-end=\"914\">accueil chaleureux<\/strong> sign\u00e9 Ciss St Mo\u00efse.<\/p><h3 dir=\"auto\">Boutique KOUMASSI: +225 05 76 45 35 35<\/h3>\t\t\t\t\t\t\t\t<\/div>\n\t\t\t\t<\/div>\n\t\t<div class=\"elementor-element elementor-element-7f10f68 e-con-full e-flex wpr-particle-no wpr-jarallax-no wpr-parallax-no wpr-sticky-section-no e-con e-child\" data-id=\"7f10f68\" data-element_type=\"container\">\n\t\t\t\t<div class=\"elementor-element elementor-element-669a8ca elementor-widget elementor-widget-google_maps\" data-id=\"669a8ca\" data-element_type=\"widget\" data-widget_type=\"google_maps.default\">\n\t\t\t\t<div class=\"elementor-widget-container\">\n\t\t\t\t\t\t\t<div class=\"elementor-custom-embed\">\n\t\t\t<iframe loading=\"lazy\"\n\t\t\t\t\tsrc=\"https:\/\/maps.google.com\/maps?q=Abidjan%20Koumassi%20Ciss%20St%20Moise&#038;t=m&#038;z=13&#038;output=embed&#038;iwloc=near\"\n\t\t\t\t\ttitle=\"Abidjan Koumassi Ciss St Moise\"\n\t\t\t\t\taria-label=\"Abidjan Koumassi Ciss St Moise\"\n\t\t\t><\/iframe>\n\t\t<\/div>\n\t\t\t\t\t\t<\/div>\n\t\t\t\t<\/div>\n\t\t\t\t<\/div>\n\t\t\t\t\t<\/div>\n\t\t\t\t<\/div>\n\t\t\t\t\t<\/div>\n\t\t<\/div>\n\t\t\t\t\t\t<\/div>\n\t\t\t\t<\/div>\n\t\t\t\t<div class=\"elementor-element elementor-element-3df662a elementor-button-primary elementor-widget__width-auto e-transform elementor-widget elementor-widget-button\" data-id=\"3df662a\" data-element_type=\"widget\" data-settings=\"{&quot;_transform_scale_effect_hover&quot;:{&quot;unit&quot;:&quot;px&quot;,&quot;size&quot;:1.1,&quot;sizes&quot;:[]},&quot;_transform_scale_effect_hover_tablet&quot;:{&quot;unit&quot;:&quot;px&quot;,&quot;size&quot;:&quot;&quot;,&quot;sizes&quot;:[]},&quot;_transform_scale_effect_hover_mobile&quot;:{&quot;unit&quot;:&quot;px&quot;,&quot;size&quot;:&quot;&quot;,&quot;sizes&quot;:[]}}\" data-widget_type=\"button.default\">\n\t\t\t\t<div class=\"elementor-widget-container\">\n\t\t\t\t\t\t\t\t\t<div class=\"elementor-button-wrapper\">\n\t\t\t\t\t<a class=\"elementor-button elementor-button-link elementor-size-sm\" href=\"https:\/\/cissstmoise.com\/en\/contact\/\">\n\t\t\t\t\t\t<span class=\"elementor-button-content-wrapper\">\n\t\t\t\t\t\t\t\t\t<span class=\"elementor-button-text\">Contactez-nous<\/span>\n\t\t\t\t\t<\/span>\n\t\t\t\t\t<\/a>\n\t\t\t\t<\/div>\n\t\t\t\t\t\t\t\t<\/div>\n\t\t\t\t<\/div>\n\t\t\t\t\t<\/div>\n\t\t\t\t<\/div>\n\t\t<div class=\"e-con-top elementor-element elementor-element-91653f2 e-flex e-con-boxed wpr-particle-no wpr-jarallax-no wpr-parallax-no wpr-sticky-section-no e-con e-parent\" data-id=\"91653f2\" data-element_type=\"container\">\n\t\t\t\t\t<div class=\"e-con-inner\">\n\t\t\t\t\t<\/div>\n\t\t\t\t<\/div>\n\t\t\t\t<\/div>","protected":false},"excerpt":{"rendered":"<p>D\u00e9couvrez nos diff\u00e9rentes boutiques partout \u00e0 Abidjan Treichville Cocody Angr\u00e9 Yopougon Koumassi Treichville Essayez nos pi\u00e8ces embl\u00e9matiques sur place, ressentez la qualit\u00e9 des mati\u00e8res, laissez-vous guider par nos conseillers, et trouvez la tenue qui vous ressemble. Boutique Treichville : +225 07 68 38 38 31 Cocody Plongez dans l\u2019univers raffin\u00e9 de Ciss St Mo\u00efse, o\u00f9 [&hellip;]<\/p>","protected":false},"author":5,"featured_media":0,"parent":0,"menu_order":0,"comment_status":"closed","ping_status":"closed","template":"","meta":{"_acf_changed":false,"footnotes":""},"class_list":["post-1689","page","type-page","status-publish","hentry"],"acf":[],"_links":{"self":[{"href":"https:\/\/cissstmoise.com\/en\/wp-json\/wp\/v2\/pages\/1689","targetHints":{"allow":["GET"]}}],"collection":[{"href":"https:\/\/cissstmoise.com\/en\/wp-json\/wp\/v2\/pages"}],"about":[{"href":"https:\/\/cissstmoise.com\/en\/wp-json\/wp\/v2\/types\/page"}],"author":[{"embeddable":true,"href":"https:\/\/cissstmoise.com\/en\/wp-json\/wp\/v2\/users\/5"}],"replies":[{"embeddable":true,"href":"https:\/\/cissstmoise.com\/en\/wp-json\/wp\/v2\/comments?post=1689"}],"version-history":[{"count":103,"href":"https:\/\/cissstmoise.com\/en\/wp-json\/wp\/v2\/pages\/1689\/revisions"}],"predecessor-version":[{"id":2666,"href":"https:\/\/cissstmoise.com\/en\/wp-json\/wp\/v2\/pages\/1689\/revisions\/2666"}],"wp:attachment":[{"href":"https:\/\/cissstmoise.com\/en\/wp-json\/wp\/v2\/media?parent=1689"}],"curies":[{"name":"wp","href":"https:\/\/api.w.org\/{rel}","templated":true}]}}