{"id":2333,"date":"2025-08-11T21:45:42","date_gmt":"2025-08-11T19:45:42","guid":{"rendered":"https:\/\/cissstmoise.com\/?page_id=2333"},"modified":"2026-02-09T19:23:18","modified_gmt":"2026-02-09T19:23:18","slug":"sur-mesure","status":"publish","type":"page","link":"https:\/\/cissstmoise.com\/en\/sur-mesure\/","title":{"rendered":"Sur-mesure"},"content":{"rendered":"<div data-elementor-type=\"wp-page\" data-elementor-id=\"2333\" class=\"elementor elementor-2333\">\n\t\t\t\t<div class=\"e-con-top elementor-element elementor-element-df641d8 e-flex e-con-boxed wpr-particle-no wpr-jarallax-no wpr-parallax-no wpr-sticky-section-no e-con e-parent\" data-id=\"df641d8\" data-element_type=\"container\" data-settings=\"{&quot;background_background&quot;:&quot;classic&quot;}\">\n\t\t\t\t\t<div class=\"e-con-inner\">\n\t\t<div class=\"elementor-element elementor-element-ba32d14 e-con-full e-flex wpr-particle-no wpr-jarallax-no wpr-parallax-no wpr-sticky-section-no e-con e-child\" data-id=\"ba32d14\" data-element_type=\"container\">\n\t\t\t\t<div class=\"elementor-element elementor-element-4ed030c elementor-widget elementor-widget-heading\" data-id=\"4ed030c\" data-element_type=\"widget\" data-widget_type=\"heading.default\">\n\t\t\t\t<div class=\"elementor-widget-container\">\n\t\t\t\t\t<h2 class=\"elementor-heading-title elementor-size-default\">ENSEMBLES<\/h2>\t\t\t\t<\/div>\n\t\t\t\t<\/div>\n\t\t\t\t<div class=\"elementor-element elementor-element-537be4d elementor-widget elementor-widget-text-editor\" data-id=\"537be4d\" data-element_type=\"widget\" data-widget_type=\"text-editor.default\">\n\t\t\t\t<div class=\"elementor-widget-container\">\n\t\t\t\t\t\t\t\t\t<p class=\"font-claude-response-body break-words whitespace-normal leading-[1.7]\">Pi\u00e8ce ma\u00eetresse de votre garde-robe, la veste sur-mesure structure votre silhouette et affirme votre style. Chez Ciss St Mo\u00efse, nous fa\u00e7onnons des vestes qui \u00e9pousent parfaitement vos \u00e9paules et subliment votre allure.<\/p><p class=\"font-claude-response-body break-words whitespace-normal leading-[1.7]\">Chaque mod\u00e8le est pens\u00e9 selon vos besoins : d\u00e9contract\u00e9e, habill\u00e9e, sportive ou classique.<\/p><p class=\"font-claude-response-body break-words whitespace-normal leading-[1.7]\"><strong>\u00b0 Coupe ajust\u00e9e \u00e0 votre morphologie<\/strong><br \/><strong>\u00b0 Choix des cols, poches et boutonnages<\/strong><br \/><strong>\u00b0 Finitions soign\u00e9es et doublures personnalis\u00e9es<\/strong><\/p><p class=\"font-claude-response-body break-words whitespace-normal leading-[1.7]\">Une veste Ciss St Mo\u00efse, c&rsquo;est la promesse d&rsquo;une \u00e9l\u00e9gance naturelle et intemporelle.<\/p>\t\t\t\t\t\t\t\t<\/div>\n\t\t\t\t<\/div>\n\t\t\t\t<div class=\"elementor-element elementor-element-49b1a08 elementor-button-primary elementor-widget__width-auto animated-slow elementor-invisible elementor-widget elementor-widget-button\" data-id=\"49b1a08\" data-element_type=\"widget\" data-settings=\"{&quot;_animation&quot;:&quot;fadeInLeft&quot;}\" data-widget_type=\"button.default\">\n\t\t\t\t<div class=\"elementor-widget-container\">\n\t\t\t\t\t\t\t\t\t<div class=\"elementor-button-wrapper\">\n\t\t\t\t\t<a class=\"elementor-button elementor-button-link elementor-size-sm\" href=\"#formulaireboutique\">\n\t\t\t\t\t\t<span class=\"elementor-button-content-wrapper\">\n\t\t\t\t\t\t\t\t\t<span class=\"elementor-button-text\">Contactez nous<\/span>\n\t\t\t\t\t<\/span>\n\t\t\t\t\t<\/a>\n\t\t\t\t<\/div>\n\t\t\t\t\t\t\t\t<\/div>\n\t\t\t\t<\/div>\n\t\t\t\t<\/div>\n\t\t<div class=\"elementor-element elementor-element-d947384 e-con-full e-flex wpr-particle-no wpr-jarallax-no wpr-parallax-no wpr-sticky-section-no e-con e-child\" data-id=\"d947384\" data-element_type=\"container\">\n\t\t\t\t<div class=\"elementor-element elementor-element-2be97f4 e-transform elementor-widget elementor-widget-image\" data-id=\"2be97f4\" data-element_type=\"widget\" data-settings=\"{&quot;_transform_scale_effect_hover&quot;:{&quot;unit&quot;:&quot;px&quot;,&quot;size&quot;:1.1,&quot;sizes&quot;:[]},&quot;_transform_scale_effect_hover_tablet&quot;:{&quot;unit&quot;:&quot;px&quot;,&quot;size&quot;:&quot;&quot;,&quot;sizes&quot;:[]},&quot;_transform_scale_effect_hover_mobile&quot;:{&quot;unit&quot;:&quot;px&quot;,&quot;size&quot;:&quot;&quot;,&quot;sizes&quot;:[]}}\" data-widget_type=\"image.default\">\n\t\t\t\t<div class=\"elementor-widget-container\">\n\t\t\t\t\t\t\t\t\t\t\t\t\t\t\t<img fetchpriority=\"high\" decoding=\"async\" width=\"665\" height=\"1024\" src=\"https:\/\/cissstmoise.com\/wp-content\/uploads\/2025\/08\/3d-665x1024.jpg\" class=\"attachment-large size-large wp-image-2285\" alt=\"\" srcset=\"https:\/\/cissstmoise.com\/wp-content\/uploads\/2025\/08\/3d-665x1024.jpg 665w, https:\/\/cissstmoise.com\/wp-content\/uploads\/2025\/08\/3d-195x300.jpg 195w, https:\/\/cissstmoise.com\/wp-content\/uploads\/2025\/08\/3d-768x1183.jpg 768w, https:\/\/cissstmoise.com\/wp-content\/uploads\/2025\/08\/3d-997x1536.jpg 997w, https:\/\/cissstmoise.com\/wp-content\/uploads\/2025\/08\/3d-8x12.jpg 8w, https:\/\/cissstmoise.com\/wp-content\/uploads\/2025\/08\/3d-900x1387.jpg 900w, https:\/\/cissstmoise.com\/wp-content\/uploads\/2025\/08\/3d.jpg 1329w\" sizes=\"(max-width: 665px) 100vw, 665px\" \/>\t\t\t\t\t\t\t\t\t\t\t\t\t\t\t<\/div>\n\t\t\t\t<\/div>\n\t\t\t\t<\/div>\n\t\t\t\t\t<\/div>\n\t\t\t\t<\/div>\n\t\t<div class=\"e-con-top elementor-element elementor-element-724ca96 e-flex e-con-boxed wpr-particle-no wpr-jarallax-no wpr-parallax-no wpr-sticky-section-no e-con e-parent\" data-id=\"724ca96\" data-element_type=\"container\" data-settings=\"{&quot;background_background&quot;:&quot;classic&quot;}\">\n\t\t\t\t\t<div class=\"e-con-inner\">\n\t\t<div class=\"elementor-element elementor-element-503513a e-con-full e-flex wpr-particle-no wpr-jarallax-no wpr-parallax-no wpr-sticky-section-no e-con e-child\" data-id=\"503513a\" data-element_type=\"container\">\n\t\t\t\t<div class=\"elementor-element elementor-element-b21351c e-transform elementor-widget elementor-widget-image\" data-id=\"b21351c\" data-element_type=\"widget\" data-settings=\"{&quot;_transform_scale_effect_hover&quot;:{&quot;unit&quot;:&quot;px&quot;,&quot;size&quot;:1.1,&quot;sizes&quot;:[]},&quot;_transform_scale_effect_hover_tablet&quot;:{&quot;unit&quot;:&quot;px&quot;,&quot;size&quot;:&quot;&quot;,&quot;sizes&quot;:[]},&quot;_transform_scale_effect_hover_mobile&quot;:{&quot;unit&quot;:&quot;px&quot;,&quot;size&quot;:&quot;&quot;,&quot;sizes&quot;:[]}}\" data-widget_type=\"image.default\">\n\t\t\t\t<div class=\"elementor-widget-container\">\n\t\t\t\t\t\t\t\t\t\t\t\t\t\t\t<img decoding=\"async\" width=\"1024\" height=\"683\" src=\"https:\/\/cissstmoise.com\/wp-content\/uploads\/2025\/07\/IMG_4746-copie-1024x683.jpg\" class=\"attachment-large size-large wp-image-795\" alt=\"\" srcset=\"https:\/\/cissstmoise.com\/wp-content\/uploads\/2025\/07\/IMG_4746-copie-1024x683.jpg 1024w, https:\/\/cissstmoise.com\/wp-content\/uploads\/2025\/07\/IMG_4746-copie-300x200.jpg 300w, https:\/\/cissstmoise.com\/wp-content\/uploads\/2025\/07\/IMG_4746-copie-768x512.jpg 768w, https:\/\/cissstmoise.com\/wp-content\/uploads\/2025\/07\/IMG_4746-copie-1536x1024.jpg 1536w, https:\/\/cissstmoise.com\/wp-content\/uploads\/2025\/07\/IMG_4746-copie-2048x1365.jpg 2048w, https:\/\/cissstmoise.com\/wp-content\/uploads\/2025\/07\/IMG_4746-copie-900x600.jpg 900w\" sizes=\"(max-width: 1024px) 100vw, 1024px\" \/>\t\t\t\t\t\t\t\t\t\t\t\t\t\t\t<\/div>\n\t\t\t\t<\/div>\n\t\t\t\t<\/div>\n\t\t<div class=\"elementor-element elementor-element-1beaa3d e-con-full e-flex wpr-particle-no wpr-jarallax-no wpr-parallax-no wpr-sticky-section-no e-con e-child\" data-id=\"1beaa3d\" data-element_type=\"container\">\n\t\t\t\t<div class=\"elementor-element elementor-element-02e643e elementor-widget elementor-widget-heading\" data-id=\"02e643e\" data-element_type=\"widget\" data-widget_type=\"heading.default\">\n\t\t\t\t<div class=\"elementor-widget-container\">\n\t\t\t\t\t<h2 class=\"elementor-heading-title elementor-size-default\">VESTES<\/h2>\t\t\t\t<\/div>\n\t\t\t\t<\/div>\n\t\t\t\t<div class=\"elementor-element elementor-element-38ec412 elementor-widget elementor-widget-text-editor\" data-id=\"38ec412\" data-element_type=\"widget\" data-widget_type=\"text-editor.default\">\n\t\t\t\t<div class=\"elementor-widget-container\">\n\t\t\t\t\t\t\t\t\t<p data-start=\"1185\" data-end=\"1366\">Chez Ciss St Mo\u00efse, chaque cr\u00e9ation est unique.<br data-start=\"1250\" data-end=\"1253\" \/>Nous vous offrons un service sur-mesure hautement personnalis\u00e9, o\u00f9 vos envies rencontrent notre savoir-faire.<\/p><p data-start=\"1368\" data-end=\"1517\">Du choix du tissu \u00e0 la coupe finale, en passant par les finitions, chaque \u00e9tape est pens\u00e9e selon votre morphologie, votre style et vos exigences.<\/p><p><strong>\u00b0 Tissus nobles et raffin\u00e9s<\/strong><br data-start=\"1547\" data-end=\"1550\" \/><strong>\u00b0 Confection artisanale<\/strong><br data-start=\"1574\" data-end=\"1577\" \/><strong>\u00b0 D\u00e9tails personnalis\u00e9s (initiales, doublures, cols&#8230;)<\/strong><\/p><p data-start=\"1635\" data-end=\"1725\">Exprimez votre identit\u00e9 \u00e0 travers un v\u00eatement taill\u00e9 pour vous, et rien que pour vous.\u00a0<\/p>\t\t\t\t\t\t\t\t<\/div>\n\t\t\t\t<\/div>\n\t\t\t\t<\/div>\n\t\t\t\t\t<\/div>\n\t\t\t\t<\/div>\n\t\t<div class=\"e-con-top elementor-element elementor-element-8aa7b08 e-flex e-con-boxed wpr-particle-no wpr-jarallax-no wpr-parallax-no wpr-sticky-section-no e-con e-parent\" data-id=\"8aa7b08\" data-element_type=\"container\" data-settings=\"{&quot;background_background&quot;:&quot;classic&quot;}\">\n\t\t\t\t\t<div class=\"e-con-inner\">\n\t\t<div class=\"elementor-element elementor-element-df5ad0a e-con-full e-flex wpr-particle-no wpr-jarallax-no wpr-parallax-no wpr-sticky-section-no e-con e-child\" data-id=\"df5ad0a\" data-element_type=\"container\">\n\t\t\t\t<div class=\"elementor-element elementor-element-f747df0 elementor-widget elementor-widget-heading\" data-id=\"f747df0\" data-element_type=\"widget\" data-widget_type=\"heading.default\">\n\t\t\t\t<div class=\"elementor-widget-container\">\n\t\t\t\t\t<h2 class=\"elementor-heading-title elementor-size-default\">CHEMISES<\/h2>\t\t\t\t<\/div>\n\t\t\t\t<\/div>\n\t\t\t\t<div class=\"elementor-element elementor-element-9ee6310 elementor-widget elementor-widget-text-editor\" data-id=\"9ee6310\" data-element_type=\"widget\" data-widget_type=\"text-editor.default\">\n\t\t\t\t<div class=\"elementor-widget-container\">\n\t\t\t\t\t\t\t\t\t<p class=\"font-claude-response-body break-words whitespace-normal leading-[1.7]\">\u00c9l\u00e9ment essentiel de toute tenue soign\u00e9e, la chemise sur-mesure allie confort et raffinement. Chez Ciss St Mo\u00efse, nous confectionnons des chemises qui s&rsquo;adaptent parfaitement \u00e0 votre silhouette et refl\u00e8tent votre identit\u00e9.<\/p><p class=\"font-claude-response-body break-words whitespace-normal leading-[1.7]\">Du col aux poignets, chaque d\u00e9tail est pens\u00e9 pour vous offrir une aisance parfaite et une allure impeccable.<\/p><p class=\"font-claude-response-body break-words whitespace-normal leading-[1.7]\"><strong>\u00b0 Ajustement pr\u00e9cis des \u00e9paules, longueur et tour de cou<\/strong><br \/><strong>\u00b0 Choix des cols, poignets et boutonnages<\/strong><br \/><strong>\u00b0 Tissus nobles et broderies personnalis\u00e9es<\/strong><\/p><p class=\"font-claude-response-body break-words whitespace-normal leading-[1.7]\">Une chemise Ciss St Mo\u00efse, c&rsquo;est l&rsquo;expression d&rsquo;un style affirm\u00e9 au quotidien.<\/p>\t\t\t\t\t\t\t\t<\/div>\n\t\t\t\t<\/div>\n\t\t\t\t<\/div>\n\t\t<div class=\"elementor-element elementor-element-e6e68ad e-con-full e-flex wpr-particle-no wpr-jarallax-no wpr-parallax-no wpr-sticky-section-no e-con e-child\" data-id=\"e6e68ad\" data-element_type=\"container\">\n\t\t\t\t<div class=\"elementor-element elementor-element-630e480 e-transform elementor-widget__width-initial elementor-widget elementor-widget-image\" data-id=\"630e480\" data-element_type=\"widget\" data-settings=\"{&quot;_transform_scale_effect_hover&quot;:{&quot;unit&quot;:&quot;px&quot;,&quot;size&quot;:1.1,&quot;sizes&quot;:[]},&quot;_transform_scale_effect_hover_tablet&quot;:{&quot;unit&quot;:&quot;px&quot;,&quot;size&quot;:&quot;&quot;,&quot;sizes&quot;:[]},&quot;_transform_scale_effect_hover_mobile&quot;:{&quot;unit&quot;:&quot;px&quot;,&quot;size&quot;:&quot;&quot;,&quot;sizes&quot;:[]}}\" data-widget_type=\"image.default\">\n\t\t\t\t<div class=\"elementor-widget-container\">\n\t\t\t\t\t\t\t\t\t\t\t\t\t\t\t<img decoding=\"async\" width=\"819\" height=\"1024\" src=\"https:\/\/cissstmoise.com\/wp-content\/uploads\/2025\/08\/049A3823-819x1024.jpg\" class=\"attachment-large size-large wp-image-2198\" alt=\"\" srcset=\"https:\/\/cissstmoise.com\/wp-content\/uploads\/2025\/08\/049A3823-819x1024.jpg 819w, https:\/\/cissstmoise.com\/wp-content\/uploads\/2025\/08\/049A3823-240x300.jpg 240w, https:\/\/cissstmoise.com\/wp-content\/uploads\/2025\/08\/049A3823-768x960.jpg 768w, https:\/\/cissstmoise.com\/wp-content\/uploads\/2025\/08\/049A3823-1229x1536.jpg 1229w, https:\/\/cissstmoise.com\/wp-content\/uploads\/2025\/08\/049A3823-1638x2048.jpg 1638w, https:\/\/cissstmoise.com\/wp-content\/uploads\/2025\/08\/049A3823-10x12.jpg 10w, https:\/\/cissstmoise.com\/wp-content\/uploads\/2025\/08\/049A3823-900x1125.jpg 900w, https:\/\/cissstmoise.com\/wp-content\/uploads\/2025\/08\/049A3823-scaled.jpg 2048w\" sizes=\"(max-width: 819px) 100vw, 819px\" \/>\t\t\t\t\t\t\t\t\t\t\t\t\t\t\t<\/div>\n\t\t\t\t<\/div>\n\t\t\t\t<\/div>\n\t\t\t\t\t<\/div>\n\t\t\t\t<\/div>\n\t\t<div class=\"e-con-top elementor-element elementor-element-2130b70 e-con-full e-flex wpr-particle-no wpr-jarallax-no wpr-parallax-no wpr-sticky-section-no e-con e-parent\" data-id=\"2130b70\" data-element_type=\"container\" id=\"formulaireboutique\">\n\t\t<div class=\"elementor-element elementor-element-30b8580 e-flex e-con-boxed wpr-particle-no wpr-jarallax-no wpr-parallax-no wpr-sticky-section-no e-con e-child\" data-id=\"30b8580\" data-element_type=\"container\">\n\t\t\t\t\t<div class=\"e-con-inner\">\n\t\t<div class=\"elementor-element elementor-element-476b5d2 e-con-full e-flex wpr-particle-no wpr-jarallax-no wpr-parallax-no wpr-sticky-section-no e-con e-child\" data-id=\"476b5d2\" data-element_type=\"container\">\n\t\t\t\t<div class=\"elementor-element elementor-element-8c5b26f elementor-widget elementor-widget-heading\" data-id=\"8c5b26f\" data-element_type=\"widget\" data-widget_type=\"heading.default\">\n\t\t\t\t<div class=\"elementor-widget-container\">\n\t\t\t\t\t<h2 class=\"elementor-heading-title elementor-size-default\">Treichville<\/h2>\t\t\t\t<\/div>\n\t\t\t\t<\/div>\n\t\t\t\t<\/div>\n\t\t<div class=\"elementor-element elementor-element-e26ceec e-con-full e-flex wpr-particle-no wpr-jarallax-no wpr-parallax-no wpr-sticky-section-no e-con e-child\" data-id=\"e26ceec\" data-element_type=\"container\">\n\t\t\t\t<div class=\"elementor-element elementor-element-c877fba elementor-widget elementor-widget-text-editor\" data-id=\"c877fba\" data-element_type=\"widget\" data-widget_type=\"text-editor.default\">\n\t\t\t\t<div class=\"elementor-widget-container\">\n\t\t\t\t\t\t\t\t\t<p><strong data-start=\"347\" data-end=\"393\">Essayez nos pi\u00e8ces embl\u00e9matiques sur place<\/strong>, ressentez la qualit\u00e9 des mati\u00e8res, laissez-vous guider par nos conseillers, et trouvez la tenue qui vous ressemble.<\/p><h3>Boutique Treichville : 21 27 24 67 72 \/ 01 02 59 70 68<\/h3>\t\t\t\t\t\t\t\t<\/div>\n\t\t\t\t<\/div>\n\t\t\t\t<\/div>\n\t\t<div class=\"elementor-element elementor-element-ab28439 e-con-full e-flex wpr-particle-no wpr-jarallax-no wpr-parallax-no wpr-sticky-section-no e-con e-child\" data-id=\"ab28439\" data-element_type=\"container\">\n\t\t\t\t<div class=\"elementor-element elementor-element-8e0332a elementor-widget elementor-widget-google_maps\" data-id=\"8e0332a\" data-element_type=\"widget\" data-widget_type=\"google_maps.default\">\n\t\t\t\t<div class=\"elementor-widget-container\">\n\t\t\t\t\t\t\t<div class=\"elementor-custom-embed\">\n\t\t\t<iframe loading=\"lazy\"\n\t\t\t\t\tsrc=\"https:\/\/maps.google.com\/maps?q=Abidjan%20Treichville%20Avenue%2021%20Ciss%20St%20Moise&#038;t=m&#038;z=13&#038;output=embed&#038;iwloc=near\"\n\t\t\t\t\ttitle=\"Abidjan Treichville Avenue 21 Ciss St Moise\"\n\t\t\t\t\taria-label=\"Abidjan Treichville Avenue 21 Ciss St Moise\"\n\t\t\t><\/iframe>\n\t\t<\/div>\n\t\t\t\t\t\t<\/div>\n\t\t\t\t<\/div>\n\t\t\t\t<\/div>\n\t\t\t\t\t<\/div>\n\t\t\t\t<\/div>\n\t\t<div class=\"elementor-element elementor-element-528845e e-flex e-con-boxed wpr-particle-no wpr-jarallax-no wpr-parallax-no wpr-sticky-section-no e-con e-child\" data-id=\"528845e\" data-element_type=\"container\">\n\t\t\t\t\t<div class=\"e-con-inner\">\n\t\t<div class=\"elementor-element elementor-element-382c5b3 e-con-full e-flex wpr-particle-no wpr-jarallax-no wpr-parallax-no wpr-sticky-section-no e-con e-child\" data-id=\"382c5b3\" data-element_type=\"container\" data-settings=\"{&quot;background_background&quot;:&quot;gradient&quot;}\">\n\t\t\t\t<div class=\"elementor-element elementor-element-42881fb fluentform-widget-submit-button-custom elementor-widget elementor-widget-fluent-form-widget\" data-id=\"42881fb\" data-element_type=\"widget\" data-widget_type=\"fluent-form-widget.default\">\n\t\t\t\t<div class=\"elementor-widget-container\">\n\t\t\t\t\t\n            <div class=\"fluentform-widget-wrapper fluentform-widget-align-default\">\n\n            \n            <div class='fluentform ff-default fluentform_wrapper_1 ffs_default_wrap'><form data-form_id=\"1\" id=\"fluentform_1\" class=\"frm-fluent-form fluent_form_1 ff-el-form-top ff_form_instance_1_1 ff-form-loading ffs_default\" data-form_instance=\"ff_form_instance_1_1\" method=\"POST\" action=\"\" ><fieldset  style=\"border: none!important;margin: 0!important;padding: 0!important;background-color: transparent!important;box-shadow: none!important;outline: none!important; min-inline-size: 100%;\">\n                    <legend class=\"ff_screen_reader_title\" style=\"display: block; margin: 0!important;padding: 0!important;height: 0!important;text-indent: -999999px;width: 0!important;overflow:hidden;\">Formulaire de Contact<\/legend><input type='hidden' name='__fluent_form_embded_post_id' value='2333' \/><input type=\"hidden\" id=\"_fluentform_1_fluentformnonce\" name=\"_fluentform_1_fluentformnonce\" value=\"4b338faf3e\" \/><input type=\"hidden\" name=\"_wp_http_referer\" value=\"\/en\/wp-json\/wp\/v2\/pages\/2333\" \/><div data-type=\"name-element\" data-name=\"names\" class=\"ff-field_container ff-name-field-wrapper\" ><div class='ff-t-container'><div class='ff-t-cell'><div class='ff-el-group'><div class=\"ff-el-input--label ff-el-is-required asterisk-right\"><label for='ff_1_names_first_name_' >Nom<\/label><\/div><div class='ff-el-input--content'><input type=\"text\" name=\"names[first_name]\" id=\"ff_1_names_first_name_\" class=\"ff-el-form-control\" placeholder=\"Votre nom\" aria-invalid=\"false\" aria-required=\"true\"><\/div><\/div><\/div><div class='ff-t-cell'><div class='ff-el-group'><div class=\"ff-el-input--label ff-el-is-required asterisk-right\"><label for='ff_1_names_last_name_' >Pr\u00e9nom<\/label><\/div><div class='ff-el-input--content'><input type=\"text\" name=\"names[last_name]\" id=\"ff_1_names_last_name_\" class=\"ff-el-form-control\" placeholder=\"votre pr\u00e9nom\" aria-invalid=\"false\" aria-required=\"true\"><\/div><\/div><\/div><\/div><\/div><div class='ff-el-group'><div class=\"ff-el-input--label ff-el-is-required asterisk-right\"><label for='ff_1_email' aria-label=\"Email\">Email<\/label><\/div><div class='ff-el-input--content'><input type=\"email\" name=\"email\" id=\"ff_1_email\" class=\"ff-el-form-control\" placeholder=\"Votre email\" data-name=\"email\"  aria-invalid=\"false\" aria-required=\"true\"><\/div><\/div><div class='ff-el-group'><div class=\"ff-el-input--label ff-el-is-required asterisk-right\"><label for='ff_1_subject' aria-label=\"Objet\">Objet<\/label><\/div><div class='ff-el-input--content'><input type=\"text\" name=\"subject\" class=\"ff-el-form-control\" placeholder=\"l&#039;objet de votre message\" data-name=\"subject\" id=\"ff_1_subject\"  aria-invalid=\"false\" aria-required=\"true\"><\/div><\/div><div class='ff-el-group'><div class=\"ff-el-input--label ff-el-is-required asterisk-right\"><label for='ff_1_message' aria-label=\"Votre message\">Votre message<\/label><\/div><div class='ff-el-input--content'><textarea aria-invalid=\"false\" aria-required=\"true\" name=\"message\" id=\"ff_1_message\" class=\"ff-el-form-control\" placeholder=\"Comment pouvons nous vous satisfaire ?\" rows=\"4\" cols=\"2\" data-name=\"message\" ><\/textarea><\/div><\/div><div class='ff-el-group ff-text-left ff_submit_btn_wrapper'><button type=\"submit\" class=\"ff-btn ff-btn-submit ff-btn-md ff_btn_style\" >Envoyer<\/button><\/div><\/fieldset><input type=\"hidden\" name=\"trp-form-language\" value=\"en\"\/><\/form><div id='fluentform_1_errors' class='ff-errors-in-stack ff_form_instance_1_1 ff-form-loading_errors ff_form_instance_1_1_errors'><\/div><\/div>        <script type=\"text\/javascript\">\n            window.fluent_form_ff_form_instance_1_1 = {\"id\":\"1\",\"settings\":{\"layout\":{\"labelPlacement\":\"top\",\"helpMessagePlacement\":\"with_label\",\"errorMessagePlacement\":\"inline\",\"cssClassName\":\"\",\"asteriskPlacement\":\"asterisk-right\"},\"restrictions\":{\"denyEmptySubmission\":{\"enabled\":false}}},\"form_instance\":\"ff_form_instance_1_1\",\"form_id_selector\":\"fluentform_1\",\"rules\":{\"names[first_name]\":{\"required\":{\"value\":true,\"message\":\"This field is required\",\"global\":false,\"global_message\":\"Ce champ est obligatoire\"}},\"names[middle_name]\":{\"required\":{\"value\":false,\"message\":\"This field is required\",\"global\":false,\"global_message\":\"Ce champ est obligatoire\"}},\"names[last_name]\":{\"required\":{\"value\":true,\"message\":\"This field is required\",\"global\":false,\"global_message\":\"Ce champ est obligatoire\"}},\"email\":{\"required\":{\"value\":true,\"message\":\"This field is required\",\"global\":false,\"global_message\":\"Ce champ est obligatoire\"},\"email\":{\"value\":true,\"message\":\"This field must contain a valid email\",\"global\":false,\"global_message\":\"Ce champ doit contenir un e-mail valide\"}},\"subject\":{\"required\":{\"value\":true,\"message\":\"This field is required\",\"global\":false,\"global_message\":\"Ce champ est obligatoire\"}},\"message\":{\"required\":{\"value\":true,\"message\":\"This field is required\",\"global\":false,\"global_message\":\"Ce champ est obligatoire\"}}},\"debounce_time\":300};\n                    <\/script>\n                    <\/div>\n\n            \t\t\t\t<\/div>\n\t\t\t\t<\/div>\n\t\t\t\t<\/div>\n\t\t\t\t\t<\/div>\n\t\t\t\t<\/div>\n\t\t\t\t<\/div>\n\t\t\t\t<\/div>","protected":false},"excerpt":{"rendered":"<p>ENSEMBLES Pi\u00e8ce ma\u00eetresse de votre garde-robe, la veste sur-mesure structure votre silhouette et affirme votre style. Chez Ciss St Mo\u00efse, nous fa\u00e7onnons des vestes qui \u00e9pousent parfaitement vos \u00e9paules et subliment votre allure. Chaque mod\u00e8le est pens\u00e9 selon vos besoins : d\u00e9contract\u00e9e, habill\u00e9e, sportive ou classique. \u00b0 Coupe ajust\u00e9e \u00e0 votre morphologie\u00b0 Choix des cols, [&hellip;]<\/p>","protected":false},"author":1,"featured_media":0,"parent":0,"menu_order":0,"comment_status":"closed","ping_status":"closed","template":"","meta":{"_acf_changed":false,"footnotes":""},"class_list":["post-2333","page","type-page","status-publish","hentry"],"acf":[],"_links":{"self":[{"href":"https:\/\/cissstmoise.com\/en\/wp-json\/wp\/v2\/pages\/2333","targetHints":{"allow":["GET"]}}],"collection":[{"href":"https:\/\/cissstmoise.com\/en\/wp-json\/wp\/v2\/pages"}],"about":[{"href":"https:\/\/cissstmoise.com\/en\/wp-json\/wp\/v2\/types\/page"}],"author":[{"embeddable":true,"href":"https:\/\/cissstmoise.com\/en\/wp-json\/wp\/v2\/users\/1"}],"replies":[{"embeddable":true,"href":"https:\/\/cissstmoise.com\/en\/wp-json\/wp\/v2\/comments?post=2333"}],"version-history":[{"count":25,"href":"https:\/\/cissstmoise.com\/en\/wp-json\/wp\/v2\/pages\/2333\/revisions"}],"predecessor-version":[{"id":2669,"href":"https:\/\/cissstmoise.com\/en\/wp-json\/wp\/v2\/pages\/2333\/revisions\/2669"}],"wp:attachment":[{"href":"https:\/\/cissstmoise.com\/en\/wp-json\/wp\/v2\/media?parent=2333"}],"curies":[{"name":"wp","href":"https:\/\/api.w.org\/{rel}","templated":true}]}}