{"id":2742,"date":"2026-03-09T09:05:28","date_gmt":"2026-03-09T09:05:28","guid":{"rendered":"https:\/\/cissstmoise.com\/?page_id=2742"},"modified":"2026-04-08T15:19:21","modified_gmt":"2026-04-08T15:19:21","slug":"defiles","status":"publish","type":"page","link":"https:\/\/cissstmoise.com\/en\/defiles\/","title":{"rendered":"D\u00e9fil\u00e9s"},"content":{"rendered":"<div data-elementor-type=\"wp-page\" data-elementor-id=\"2742\" class=\"elementor elementor-2742\">\n\t\t\t\t<div class=\"e-con-top elementor-element elementor-element-2b543cc e-flex e-con-boxed wpr-particle-no wpr-jarallax-no wpr-parallax-no wpr-sticky-section-no e-con e-parent\" data-id=\"2b543cc\" data-element_type=\"container\">\n\t\t\t\t\t<div class=\"e-con-inner\">\n\t\t\t\t\t<\/div>\n\t\t\t\t<\/div>\n\t\t<div class=\"e-con-top elementor-element elementor-element-7f37aa9 e-flex e-con-boxed wpr-particle-no wpr-jarallax-no wpr-parallax-no wpr-sticky-section-no e-con e-parent\" data-id=\"7f37aa9\" data-element_type=\"container\">\n\t\t\t\t\t<div class=\"e-con-inner\">\n\t\t\t\t<div class=\"elementor-element elementor-element-5c13054 eael-fg-hoverer-content-align-left elementor-widget elementor-widget-eael-filterable-gallery\" data-id=\"5c13054\" data-element_type=\"widget\" data-settings=\"{&quot;video_gallery_yt_privacy&quot;:&quot;yes&quot;,&quot;pagination&quot;:&quot;false&quot;}\" data-widget_type=\"eael-filterable-gallery.default\">\n\t\t\t\t<div class=\"elementor-widget-container\">\n\t\t\t\t\t<style id=\"eael-fg-inline-css-5c13054\">@media only screen and (max-width: 2399px) {\n\t\t\t\t\t.elementor-element.elementor-element-5c13054 .eael-filterable-gallery-item-wrap {\n\t\t\t\t\t        width: 33.333333333333%;\n\t\t\t\t\t    }\n\t\t\t\t\t}@media only screen and (max-width: 1024px) {\n\t\t\t\t\t.elementor-element.elementor-element-5c13054  .eael-filterable-gallery-item-wrap {\n\t\t\t\t\t        width: 50%;\n\t\t\t\t\t    }\n\t\t\t\t\t}@media only screen and (max-width: 767px) {\n\t\t\t\t\t.elementor-element.elementor-element-5c13054  .eael-filterable-gallery-item-wrap {\n\t\t\t\t\t        width: 100%;\n\t\t\t\t\t    }\n\t\t\t\t\t}<\/style>        <div id=\"eael-filter-gallery-wrapper-5c13054\" class=\"eael-filter-gallery-wrapper\" data-layout-mode=\"hoverer\" data-breakpoints=\"{&quot;mobile&quot;:{&quot;label&quot;:&quot;Mobile Portrait&quot;,&quot;value&quot;:767,&quot;default_value&quot;:767,&quot;direction&quot;:&quot;max&quot;,&quot;is_enabled&quot;:true},&quot;mobile_extra&quot;:{&quot;label&quot;:&quot;Mobile Landscape&quot;,&quot;value&quot;:880,&quot;default_value&quot;:880,&quot;direction&quot;:&quot;max&quot;,&quot;is_enabled&quot;:false},&quot;tablet&quot;:{&quot;label&quot;:&quot;Tablet Portrait&quot;,&quot;value&quot;:1024,&quot;default_value&quot;:1024,&quot;direction&quot;:&quot;max&quot;,&quot;is_enabled&quot;:true},&quot;tablet_extra&quot;:{&quot;label&quot;:&quot;Tablet Landscape&quot;,&quot;value&quot;:1200,&quot;default_value&quot;:1200,&quot;direction&quot;:&quot;max&quot;,&quot;is_enabled&quot;:false},&quot;laptop&quot;:{&quot;label&quot;:&quot;Laptop&quot;,&quot;value&quot;:1366,&quot;default_value&quot;:1366,&quot;direction&quot;:&quot;max&quot;,&quot;is_enabled&quot;:false},&quot;widescreen&quot;:{&quot;label&quot;:&quot;Widescreen&quot;,&quot;value&quot;:2400,&quot;default_value&quot;:2400,&quot;direction&quot;:&quot;min&quot;,&quot;is_enabled&quot;:false}}\" data-default_control_key=\"0\" data-custom_default_control=\"1\">\n                    <div class=\"eael-filter-gallery-container eael-filter-gallery-grid\" data-images-per-page=\"\" data-total-gallery-items=\"4\" data-nomore-item-text=\"\" data-is-randomize=\"no\" data-settings=\"{&quot;grid_style&quot;:&quot;grid&quot;,&quot;popup&quot;:&quot;buttons&quot;,&quot;duration&quot;:500,&quot;gallery_enabled&quot;:&quot;&quot;,&quot;video_gallery_yt_privacy&quot;:&quot;yes&quot;,&quot;control_all_text&quot;:null,&quot;mobile_scroll_to_top&quot;:&quot;&quot;,&quot;mobile_scroll_offset&quot;:0,&quot;post_id&quot;:2742,&quot;widget_id&quot;:&quot;5c13054&quot;}\" data-search-all=\"\" data-gallery-items=\"WyI8ZGl2IGNsYXNzPVwiZWFlbC1maWx0ZXJhYmxlLWdhbGxlcnktaXRlbS13cmFwXCI+XG5cdFx0XHRcdDxkaXYgY2xhc3M9XCJlYWVsLWdhbGxlcnktZ3JpZC1pdGVtXCI+PGRpdiBjbGFzcz1cImdhbGxlcnktaXRlbS10aHVtYm5haWwtd3JhcFwiPjxpbWcgd2lkdGg9XCIzMDBcIiBoZWlnaHQ9XCIyMDBcIiBzcmM9XCJodHRwczpcL1wvY2lzc3N0bW9pc2UuY29tXC93cC1jb250ZW50XC91cGxvYWRzXC8yMDI2XC8wM1wvNDkwMTM0NzQwXzIzNzI5NjU1MDk3NTA2ODBfNzIzODY2MTg3ODMzMzczNDM5MF9uLTMwMHgyMDAuanBnXCIgY2xhc3M9XCJhdHRhY2htZW50LW1lZGl1bSBzaXplLW1lZGl1bSB3cC1pbWFnZS0yNzM3XCIgYWx0PVwiXCIgc3Jjc2V0PVwiaHR0cHM6XC9cL2Npc3NzdG1vaXNlLmNvbVwvd3AtY29udGVudFwvdXBsb2Fkc1wvMjAyNlwvMDNcLzQ5MDEzNDc0MF8yMzcyOTY1NTA5NzUwNjgwXzcyMzg2NjE4NzgzMzM3MzQzOTBfbi0zMDB4MjAwLmpwZyAzMDB3LCBodHRwczpcL1wvY2lzc3N0bW9pc2UuY29tXC93cC1jb250ZW50XC91cGxvYWRzXC8yMDI2XC8wM1wvNDkwMTM0NzQwXzIzNzI5NjU1MDk3NTA2ODBfNzIzODY2MTg3ODMzMzczNDM5MF9uLTEwMjR4NjgzLmpwZyAxMDI0dywgaHR0cHM6XC9cL2Npc3NzdG1vaXNlLmNvbVwvd3AtY29udGVudFwvdXBsb2Fkc1wvMjAyNlwvMDNcLzQ5MDEzNDc0MF8yMzcyOTY1NTA5NzUwNjgwXzcyMzg2NjE4NzgzMzM3MzQzOTBfbi03Njh4NTEyLmpwZyA3Njh3LCBodHRwczpcL1wvY2lzc3N0bW9pc2UuY29tXC93cC1jb250ZW50XC91cGxvYWRzXC8yMDI2XC8wM1wvNDkwMTM0NzQwXzIzNzI5NjU1MDk3NTA2ODBfNzIzODY2MTg3ODMzMzczNDM5MF9uLTE4eDEyLmpwZyAxOHcsIGh0dHBzOlwvXC9jaXNzc3Rtb2lzZS5jb21cL3dwLWNvbnRlbnRcL3VwbG9hZHNcLzIwMjZcLzAzXC80OTAxMzQ3NDBfMjM3Mjk2NTUwOTc1MDY4MF83MjM4NjYxODc4MzMzNzM0MzkwX24tOTAweDYwMC5qcGcgOTAwdywgaHR0cHM6XC9cL2Npc3NzdG1vaXNlLmNvbVwvd3AtY29udGVudFwvdXBsb2Fkc1wvMjAyNlwvMDNcLzQ5MDEzNDc0MF8yMzcyOTY1NTA5NzUwNjgwXzcyMzg2NjE4NzgzMzM3MzQzOTBfbi5qcGcgMTE1MndcIiBzaXplcz1cIihtYXgtd2lkdGg6IDMwMHB4KSAxMDB2dywgMzAwcHhcIiBcLz48YSBhcmVhLWhpZGRlbj1cInRydWVcIiAgdGl0bGU9XCJEXHUwMGU5ZmlsXHUwMGU5cyAxXCIgYXJpYS1sYWJlbD1cImVhZWwtbWFnbmlmaWMtdmlkZW8tbGlua1wiIGhyZWY9XCJodHRwczpcL1wvd3d3LnlvdXR1YmUtbm9jb29raWUuY29tXC9lbWJlZFwvWjJaVHJDV2tvNk1cIiBjbGFzcz1cInZpZGVvLXBvcHVwIGVhZWwtbWFnbmlmaWMtbGluayBlYWVsLW1hZ25pZmljLWxpbmstY2xvbmUgYWN0aXZlIGVhZWwtbWFnbmlmaWMtdmlkZW8tbGluayBtZnAtaWZyYW1lIHBsYXlvdXQtaG9yaXpvbnRhbFwiIGRhdGEtaWQ9XCI1YzJjMDA3XCIgZGF0YS1lbGVtZW50b3Itb3Blbi1saWdodGJveD1cInllc1wiPjxkaXYgY2xhc3M9XCJ2aWRlby1wb3B1cC1iZyBnYWxsZXJ5LWl0ZW0tY2FwdGlvbi13cmFwIGNhcHRpb24tc3R5bGUtaG92ZXJlciBlYWVsLXNsaWRlLXVwXCI+PGRpdiBjbGFzcz1cImdhbGxlcnktaXRlbS1jYXB0aW9uLW92ZXJcIj48aDIgY2xhc3M9XCJmZy1pdGVtLXRpdGxlXCI+RFx1MDBlOWZpbFx1MDBlOXMgMTxcL2gyPjxcL2Rpdj48XC9kaXY+PGltZyB3aWR0aD1cIjYyXCIgaGVpZ2h0PVwiNjJcIiBzcmM9XCJodHRwczpcL1wvY2lzc3N0bW9pc2UuY29tXC93cC1jb250ZW50XC9wbHVnaW5zXC9lc3NlbnRpYWwtYWRkb25zLWZvci1lbGVtZW50b3ItbGl0ZVwvYXNzZXRzXC9mcm9udC1lbmRcL2ltZ1wvcGxheS1pY29uLnBuZ1wiIGFsdD1cImVhZWwtZmctdmlkZW8tcGxheS1pY29uXCIgPjxcL2E+PFwvZGl2PjxcL2Rpdj48XC9kaXY+IiwiPGRpdiBjbGFzcz1cImVhZWwtZmlsdGVyYWJsZS1nYWxsZXJ5LWl0ZW0td3JhcFwiPlxuXHRcdFx0XHQ8ZGl2IGNsYXNzPVwiZWFlbC1nYWxsZXJ5LWdyaWQtaXRlbVwiPjxkaXYgY2xhc3M9XCJnYWxsZXJ5LWl0ZW0tdGh1bWJuYWlsLXdyYXBcIj48aW1nIHdpZHRoPVwiMzAwXCIgaGVpZ2h0PVwiMjAwXCIgc3JjPVwiaHR0cHM6XC9cL2Npc3NzdG1vaXNlLmNvbVwvd3AtY29udGVudFwvdXBsb2Fkc1wvMjAyNlwvMDNcLzQ5MDEzNDc0MF8yMzcyOTY1NTA5NzUwNjgwXzcyMzg2NjE4NzgzMzM3MzQzOTBfbi0zMDB4MjAwLmpwZ1wiIGNsYXNzPVwiYXR0YWNobWVudC1tZWRpdW0gc2l6ZS1tZWRpdW0gd3AtaW1hZ2UtMjczN1wiIGFsdD1cIlwiIHNyY3NldD1cImh0dHBzOlwvXC9jaXNzc3Rtb2lzZS5jb21cL3dwLWNvbnRlbnRcL3VwbG9hZHNcLzIwMjZcLzAzXC80OTAxMzQ3NDBfMjM3Mjk2NTUwOTc1MDY4MF83MjM4NjYxODc4MzMzNzM0MzkwX24tMzAweDIwMC5qcGcgMzAwdywgaHR0cHM6XC9cL2Npc3NzdG1vaXNlLmNvbVwvd3AtY29udGVudFwvdXBsb2Fkc1wvMjAyNlwvMDNcLzQ5MDEzNDc0MF8yMzcyOTY1NTA5NzUwNjgwXzcyMzg2NjE4NzgzMzM3MzQzOTBfbi0xMDI0eDY4My5qcGcgMTAyNHcsIGh0dHBzOlwvXC9jaXNzc3Rtb2lzZS5jb21cL3dwLWNvbnRlbnRcL3VwbG9hZHNcLzIwMjZcLzAzXC80OTAxMzQ3NDBfMjM3Mjk2NTUwOTc1MDY4MF83MjM4NjYxODc4MzMzNzM0MzkwX24tNzY4eDUxMi5qcGcgNzY4dywgaHR0cHM6XC9cL2Npc3NzdG1vaXNlLmNvbVwvd3AtY29udGVudFwvdXBsb2Fkc1wvMjAyNlwvMDNcLzQ5MDEzNDc0MF8yMzcyOTY1NTA5NzUwNjgwXzcyMzg2NjE4NzgzMzM3MzQzOTBfbi0xOHgxMi5qcGcgMTh3LCBodHRwczpcL1wvY2lzc3N0bW9pc2UuY29tXC93cC1jb250ZW50XC91cGxvYWRzXC8yMDI2XC8wM1wvNDkwMTM0NzQwXzIzNzI5NjU1MDk3NTA2ODBfNzIzODY2MTg3ODMzMzczNDM5MF9uLTkwMHg2MDAuanBnIDkwMHcsIGh0dHBzOlwvXC9jaXNzc3Rtb2lzZS5jb21cL3dwLWNvbnRlbnRcL3VwbG9hZHNcLzIwMjZcLzAzXC80OTAxMzQ3NDBfMjM3Mjk2NTUwOTc1MDY4MF83MjM4NjYxODc4MzMzNzM0MzkwX24uanBnIDExNTJ3XCIgc2l6ZXM9XCIobWF4LXdpZHRoOiAzMDBweCkgMTAwdncsIDMwMHB4XCIgXC8+PGEgYXJlYS1oaWRkZW49XCJ0cnVlXCIgIHRpdGxlPVwiRFx1MDBlOWZpbFx1MDBlOSAyXCIgYXJpYS1sYWJlbD1cImVhZWwtbWFnbmlmaWMtdmlkZW8tbGlua1wiIGhyZWY9XCJodHRwczpcL1wvd3d3LnlvdXR1YmUtbm9jb29raWUuY29tXC9lbWJlZFwvWjJaVHJDV2tvNk1cIiBjbGFzcz1cInZpZGVvLXBvcHVwIGVhZWwtbWFnbmlmaWMtbGluayBlYWVsLW1hZ25pZmljLWxpbmstY2xvbmUgYWN0aXZlIGVhZWwtbWFnbmlmaWMtdmlkZW8tbGluayBtZnAtaWZyYW1lIHBsYXlvdXQtaG9yaXpvbnRhbFwiIGRhdGEtaWQ9XCJlODZmYjI0XCIgZGF0YS1lbGVtZW50b3Itb3Blbi1saWdodGJveD1cInllc1wiPjxkaXYgY2xhc3M9XCJ2aWRlby1wb3B1cC1iZyBnYWxsZXJ5LWl0ZW0tY2FwdGlvbi13cmFwIGNhcHRpb24tc3R5bGUtaG92ZXJlciBlYWVsLXNsaWRlLXVwXCI+PGRpdiBjbGFzcz1cImdhbGxlcnktaXRlbS1jYXB0aW9uLW92ZXJcIj48aDIgY2xhc3M9XCJmZy1pdGVtLXRpdGxlXCI+RFx1MDBlOWZpbFx1MDBlOSAyPFwvaDI+PFwvZGl2PjxcL2Rpdj48aW1nIHdpZHRoPVwiNjJcIiBoZWlnaHQ9XCI2MlwiIHNyYz1cImh0dHBzOlwvXC9jaXNzc3Rtb2lzZS5jb21cL3dwLWNvbnRlbnRcL3BsdWdpbnNcL2Vzc2VudGlhbC1hZGRvbnMtZm9yLWVsZW1lbnRvci1saXRlXC9hc3NldHNcL2Zyb250LWVuZFwvaW1nXC9wbGF5LWljb24ucG5nXCIgYWx0PVwiZWFlbC1mZy12aWRlby1wbGF5LWljb25cIiA+PFwvYT48XC9kaXY+PFwvZGl2PjxcL2Rpdj4iLCI8ZGl2IGNsYXNzPVwiZWFlbC1maWx0ZXJhYmxlLWdhbGxlcnktaXRlbS13cmFwXCI+XG5cdFx0XHRcdDxkaXYgY2xhc3M9XCJlYWVsLWdhbGxlcnktZ3JpZC1pdGVtXCI+PGRpdiBjbGFzcz1cImdhbGxlcnktaXRlbS10aHVtYm5haWwtd3JhcFwiPjxpbWcgd2lkdGg9XCIzMDBcIiBoZWlnaHQ9XCIyMDBcIiBzcmM9XCJodHRwczpcL1wvY2lzc3N0bW9pc2UuY29tXC93cC1jb250ZW50XC91cGxvYWRzXC8yMDI2XC8wM1wvNDkwMTM0NzQwXzIzNzI5NjU1MDk3NTA2ODBfNzIzODY2MTg3ODMzMzczNDM5MF9uLTMwMHgyMDAuanBnXCIgY2xhc3M9XCJhdHRhY2htZW50LW1lZGl1bSBzaXplLW1lZGl1bSB3cC1pbWFnZS0yNzM3XCIgYWx0PVwiXCIgc3Jjc2V0PVwiaHR0cHM6XC9cL2Npc3NzdG1vaXNlLmNvbVwvd3AtY29udGVudFwvdXBsb2Fkc1wvMjAyNlwvMDNcLzQ5MDEzNDc0MF8yMzcyOTY1NTA5NzUwNjgwXzcyMzg2NjE4NzgzMzM3MzQzOTBfbi0zMDB4MjAwLmpwZyAzMDB3LCBodHRwczpcL1wvY2lzc3N0bW9pc2UuY29tXC93cC1jb250ZW50XC91cGxvYWRzXC8yMDI2XC8wM1wvNDkwMTM0NzQwXzIzNzI5NjU1MDk3NTA2ODBfNzIzODY2MTg3ODMzMzczNDM5MF9uLTEwMjR4NjgzLmpwZyAxMDI0dywgaHR0cHM6XC9cL2Npc3NzdG1vaXNlLmNvbVwvd3AtY29udGVudFwvdXBsb2Fkc1wvMjAyNlwvMDNcLzQ5MDEzNDc0MF8yMzcyOTY1NTA5NzUwNjgwXzcyMzg2NjE4NzgzMzM3MzQzOTBfbi03Njh4NTEyLmpwZyA3Njh3LCBodHRwczpcL1wvY2lzc3N0bW9pc2UuY29tXC93cC1jb250ZW50XC91cGxvYWRzXC8yMDI2XC8wM1wvNDkwMTM0NzQwXzIzNzI5NjU1MDk3NTA2ODBfNzIzODY2MTg3ODMzMzczNDM5MF9uLTE4eDEyLmpwZyAxOHcsIGh0dHBzOlwvXC9jaXNzc3Rtb2lzZS5jb21cL3dwLWNvbnRlbnRcL3VwbG9hZHNcLzIwMjZcLzAzXC80OTAxMzQ3NDBfMjM3Mjk2NTUwOTc1MDY4MF83MjM4NjYxODc4MzMzNzM0MzkwX24tOTAweDYwMC5qcGcgOTAwdywgaHR0cHM6XC9cL2Npc3NzdG1vaXNlLmNvbVwvd3AtY29udGVudFwvdXBsb2Fkc1wvMjAyNlwvMDNcLzQ5MDEzNDc0MF8yMzcyOTY1NTA5NzUwNjgwXzcyMzg2NjE4NzgzMzM3MzQzOTBfbi5qcGcgMTE1MndcIiBzaXplcz1cIihtYXgtd2lkdGg6IDMwMHB4KSAxMDB2dywgMzAwcHhcIiBcLz48YSBhcmVhLWhpZGRlbj1cInRydWVcIiAgdGl0bGU9XCJEXHUwMGU5ZmlsXHUwMGU5IDNcIiBhcmlhLWxhYmVsPVwiZWFlbC1tYWduaWZpYy12aWRlby1saW5rXCIgaHJlZj1cImh0dHBzOlwvXC93d3cueW91dHViZS1ub2Nvb2tpZS5jb21cL2VtYmVkXC9aMlpUckNXa282TVwiIGNsYXNzPVwidmlkZW8tcG9wdXAgZWFlbC1tYWduaWZpYy1saW5rIGVhZWwtbWFnbmlmaWMtbGluay1jbG9uZSBhY3RpdmUgZWFlbC1tYWduaWZpYy12aWRlby1saW5rIG1mcC1pZnJhbWUgcGxheW91dC1ob3Jpem9udGFsXCIgZGF0YS1pZD1cImU5YzFmMmFcIiBkYXRhLWVsZW1lbnRvci1vcGVuLWxpZ2h0Ym94PVwieWVzXCI+PGRpdiBjbGFzcz1cInZpZGVvLXBvcHVwLWJnIGdhbGxlcnktaXRlbS1jYXB0aW9uLXdyYXAgY2FwdGlvbi1zdHlsZS1ob3ZlcmVyIGVhZWwtc2xpZGUtdXBcIj48ZGl2IGNsYXNzPVwiZ2FsbGVyeS1pdGVtLWNhcHRpb24tb3ZlclwiPjxoMiBjbGFzcz1cImZnLWl0ZW0tdGl0bGVcIj5EXHUwMGU5ZmlsXHUwMGU5IDM8XC9oMj48XC9kaXY+PFwvZGl2PjxpbWcgd2lkdGg9XCI2MlwiIGhlaWdodD1cIjYyXCIgc3JjPVwiaHR0cHM6XC9cL2Npc3NzdG1vaXNlLmNvbVwvd3AtY29udGVudFwvcGx1Z2luc1wvZXNzZW50aWFsLWFkZG9ucy1mb3ItZWxlbWVudG9yLWxpdGVcL2Fzc2V0c1wvZnJvbnQtZW5kXC9pbWdcL3BsYXktaWNvbi5wbmdcIiBhbHQ9XCJlYWVsLWZnLXZpZGVvLXBsYXktaWNvblwiID48XC9hPjxcL2Rpdj48XC9kaXY+PFwvZGl2PiIsIjxkaXYgY2xhc3M9XCJlYWVsLWZpbHRlcmFibGUtZ2FsbGVyeS1pdGVtLXdyYXBcIj5cblx0XHRcdFx0PGRpdiBjbGFzcz1cImVhZWwtZ2FsbGVyeS1ncmlkLWl0ZW1cIj48ZGl2IGNsYXNzPVwiZ2FsbGVyeS1pdGVtLXRodW1ibmFpbC13cmFwXCI+PGltZyB3aWR0aD1cIjMwMFwiIGhlaWdodD1cIjIwMFwiIHNyYz1cImh0dHBzOlwvXC9jaXNzc3Rtb2lzZS5jb21cL3dwLWNvbnRlbnRcL3VwbG9hZHNcLzIwMjZcLzAzXC80OTAxMzQ3NDBfMjM3Mjk2NTUwOTc1MDY4MF83MjM4NjYxODc4MzMzNzM0MzkwX24tMzAweDIwMC5qcGdcIiBjbGFzcz1cImF0dGFjaG1lbnQtbWVkaXVtIHNpemUtbWVkaXVtIHdwLWltYWdlLTI3MzdcIiBhbHQ9XCJcIiBzcmNzZXQ9XCJodHRwczpcL1wvY2lzc3N0bW9pc2UuY29tXC93cC1jb250ZW50XC91cGxvYWRzXC8yMDI2XC8wM1wvNDkwMTM0NzQwXzIzNzI5NjU1MDk3NTA2ODBfNzIzODY2MTg3ODMzMzczNDM5MF9uLTMwMHgyMDAuanBnIDMwMHcsIGh0dHBzOlwvXC9jaXNzc3Rtb2lzZS5jb21cL3dwLWNvbnRlbnRcL3VwbG9hZHNcLzIwMjZcLzAzXC80OTAxMzQ3NDBfMjM3Mjk2NTUwOTc1MDY4MF83MjM4NjYxODc4MzMzNzM0MzkwX24tMTAyNHg2ODMuanBnIDEwMjR3LCBodHRwczpcL1wvY2lzc3N0bW9pc2UuY29tXC93cC1jb250ZW50XC91cGxvYWRzXC8yMDI2XC8wM1wvNDkwMTM0NzQwXzIzNzI5NjU1MDk3NTA2ODBfNzIzODY2MTg3ODMzMzczNDM5MF9uLTc2OHg1MTIuanBnIDc2OHcsIGh0dHBzOlwvXC9jaXNzc3Rtb2lzZS5jb21cL3dwLWNvbnRlbnRcL3VwbG9hZHNcLzIwMjZcLzAzXC80OTAxMzQ3NDBfMjM3Mjk2NTUwOTc1MDY4MF83MjM4NjYxODc4MzMzNzM0MzkwX24tMTh4MTIuanBnIDE4dywgaHR0cHM6XC9cL2Npc3NzdG1vaXNlLmNvbVwvd3AtY29udGVudFwvdXBsb2Fkc1wvMjAyNlwvMDNcLzQ5MDEzNDc0MF8yMzcyOTY1NTA5NzUwNjgwXzcyMzg2NjE4NzgzMzM3MzQzOTBfbi05MDB4NjAwLmpwZyA5MDB3LCBodHRwczpcL1wvY2lzc3N0bW9pc2UuY29tXC93cC1jb250ZW50XC91cGxvYWRzXC8yMDI2XC8wM1wvNDkwMTM0NzQwXzIzNzI5NjU1MDk3NTA2ODBfNzIzODY2MTg3ODMzMzczNDM5MF9uLmpwZyAxMTUyd1wiIHNpemVzPVwiKG1heC13aWR0aDogMzAwcHgpIDEwMHZ3LCAzMDBweFwiIFwvPjxhIGFyZWEtaGlkZGVuPVwidHJ1ZVwiICB0aXRsZT1cIkRcdTAwZTlmaWxcdTAwZTkgNFwiIGFyaWEtbGFiZWw9XCJlYWVsLW1hZ25pZmljLXZpZGVvLWxpbmtcIiBocmVmPVwiaHR0cHM6XC9cL3d3dy55b3V0dWJlLW5vY29va2llLmNvbVwvZW1iZWRcL1oyWlRyQ1drbzZNXCIgY2xhc3M9XCJ2aWRlby1wb3B1cCBlYWVsLW1hZ25pZmljLWxpbmsgZWFlbC1tYWduaWZpYy1saW5rLWNsb25lIGFjdGl2ZSBlYWVsLW1hZ25pZmljLXZpZGVvLWxpbmsgbWZwLWlmcmFtZSBwbGF5b3V0LWhvcml6b250YWxcIiBkYXRhLWlkPVwiMjkyNDY2N1wiIGRhdGEtZWxlbWVudG9yLW9wZW4tbGlnaHRib3g9XCJ5ZXNcIj48ZGl2IGNsYXNzPVwidmlkZW8tcG9wdXAtYmcgZ2FsbGVyeS1pdGVtLWNhcHRpb24td3JhcCBjYXB0aW9uLXN0eWxlLWhvdmVyZXIgZWFlbC1zbGlkZS11cFwiPjxkaXYgY2xhc3M9XCJnYWxsZXJ5LWl0ZW0tY2FwdGlvbi1vdmVyXCI+PGgyIGNsYXNzPVwiZmctaXRlbS10aXRsZVwiPkRcdTAwZTlmaWxcdTAwZTkgNDxcL2gyPjxkaXYgY2xhc3M9XCJmZy1pdGVtLWNvbnRlbnRcIj48cD5Mb3JlbSBpcHN1bSBkb2xvciBzaXQgYW1ldCwgY29uc2VjdGV0dXIgYWRpcGlzaWNpbmcgZWxpdC4gUXVpZGVtLCBwcm92aWRlbnQuPFwvcD5cbjxcL2Rpdj48XC9kaXY+PFwvZGl2PjxpbWcgd2lkdGg9XCI2MlwiIGhlaWdodD1cIjYyXCIgc3JjPVwiaHR0cHM6XC9cL2Npc3NzdG1vaXNlLmNvbVwvd3AtY29udGVudFwvcGx1Z2luc1wvZXNzZW50aWFsLWFkZG9ucy1mb3ItZWxlbWVudG9yLWxpdGVcL2Fzc2V0c1wvZnJvbnQtZW5kXC9pbWdcL3BsYXktaWNvbi5wbmdcIiBhbHQ9XCJlYWVsLWZnLXZpZGVvLXBsYXktaWNvblwiID48XC9hPjxcL2Rpdj48XC9kaXY+PFwvZGl2PiJd\" data-init-show=\"6\">\n            <div class=\"eael-filterable-gallery-item-wrap\">\n\t\t\t\t<div class=\"eael-gallery-grid-item\"><div class=\"gallery-item-thumbnail-wrap\"><img fetchpriority=\"high\" decoding=\"async\" width=\"300\" height=\"200\" src=\"https:\/\/cissstmoise.com\/wp-content\/uploads\/2026\/03\/490134740_2372965509750680_7238661878333734390_n-300x200.jpg\" class=\"attachment-medium size-medium wp-image-2737\" alt=\"\" srcset=\"https:\/\/cissstmoise.com\/wp-content\/uploads\/2026\/03\/490134740_2372965509750680_7238661878333734390_n-300x200.jpg 300w, https:\/\/cissstmoise.com\/wp-content\/uploads\/2026\/03\/490134740_2372965509750680_7238661878333734390_n-1024x683.jpg 1024w, https:\/\/cissstmoise.com\/wp-content\/uploads\/2026\/03\/490134740_2372965509750680_7238661878333734390_n-768x512.jpg 768w, https:\/\/cissstmoise.com\/wp-content\/uploads\/2026\/03\/490134740_2372965509750680_7238661878333734390_n-18x12.jpg 18w, https:\/\/cissstmoise.com\/wp-content\/uploads\/2026\/03\/490134740_2372965509750680_7238661878333734390_n-900x600.jpg 900w, https:\/\/cissstmoise.com\/wp-content\/uploads\/2026\/03\/490134740_2372965509750680_7238661878333734390_n.jpg 1152w\" sizes=\"(max-width: 300px) 100vw, 300px\" \/><a area-hidden=\"true\"  title=\"D\u00e9fil\u00e9s 1\" aria-label=\"eael-magnific-video-link\" href=\"https:\/\/www.youtube-nocookie.com\/embed\/Z2ZTrCWko6M\" class=\"video-popup eael-magnific-link eael-magnific-link-clone active eael-magnific-video-link mfp-iframe playout-horizontal\" data-id=\"5c2c007\" data-elementor-open-lightbox=\"yes\"><div class=\"video-popup-bg gallery-item-caption-wrap caption-style-hoverer eael-slide-up\"><div class=\"gallery-item-caption-over\"><h2 class=\"fg-item-title\">D\u00e9fil\u00e9s 1<\/h2><\/div><\/div><img decoding=\"async\" width=\"62\" height=\"62\" src=\"https:\/\/cissstmoise.com\/wp-content\/plugins\/essential-addons-for-elementor-lite\/assets\/front-end\/img\/play-icon.png\" alt=\"eael-fg-video-play-icon\" ><\/a><\/div><\/div><\/div><div class=\"eael-filterable-gallery-item-wrap\">\n\t\t\t\t<div class=\"eael-gallery-grid-item\"><div class=\"gallery-item-thumbnail-wrap\"><img fetchpriority=\"high\" decoding=\"async\" width=\"300\" height=\"200\" src=\"https:\/\/cissstmoise.com\/wp-content\/uploads\/2026\/03\/490134740_2372965509750680_7238661878333734390_n-300x200.jpg\" class=\"attachment-medium size-medium wp-image-2737\" alt=\"\" srcset=\"https:\/\/cissstmoise.com\/wp-content\/uploads\/2026\/03\/490134740_2372965509750680_7238661878333734390_n-300x200.jpg 300w, https:\/\/cissstmoise.com\/wp-content\/uploads\/2026\/03\/490134740_2372965509750680_7238661878333734390_n-1024x683.jpg 1024w, https:\/\/cissstmoise.com\/wp-content\/uploads\/2026\/03\/490134740_2372965509750680_7238661878333734390_n-768x512.jpg 768w, https:\/\/cissstmoise.com\/wp-content\/uploads\/2026\/03\/490134740_2372965509750680_7238661878333734390_n-18x12.jpg 18w, https:\/\/cissstmoise.com\/wp-content\/uploads\/2026\/03\/490134740_2372965509750680_7238661878333734390_n-900x600.jpg 900w, https:\/\/cissstmoise.com\/wp-content\/uploads\/2026\/03\/490134740_2372965509750680_7238661878333734390_n.jpg 1152w\" sizes=\"(max-width: 300px) 100vw, 300px\" \/><a area-hidden=\"true\"  title=\"D\u00e9fil\u00e9 2\" aria-label=\"eael-magnific-video-link\" href=\"https:\/\/www.youtube-nocookie.com\/embed\/Z2ZTrCWko6M\" class=\"video-popup eael-magnific-link eael-magnific-link-clone active eael-magnific-video-link mfp-iframe playout-horizontal\" data-id=\"e86fb24\" data-elementor-open-lightbox=\"yes\"><div class=\"video-popup-bg gallery-item-caption-wrap caption-style-hoverer eael-slide-up\"><div class=\"gallery-item-caption-over\"><h2 class=\"fg-item-title\">D\u00e9fil\u00e9 2<\/h2><\/div><\/div><img decoding=\"async\" width=\"62\" height=\"62\" src=\"https:\/\/cissstmoise.com\/wp-content\/plugins\/essential-addons-for-elementor-lite\/assets\/front-end\/img\/play-icon.png\" alt=\"eael-fg-video-play-icon\" ><\/a><\/div><\/div><\/div><div class=\"eael-filterable-gallery-item-wrap\">\n\t\t\t\t<div class=\"eael-gallery-grid-item\"><div class=\"gallery-item-thumbnail-wrap\"><img fetchpriority=\"high\" decoding=\"async\" width=\"300\" height=\"200\" src=\"https:\/\/cissstmoise.com\/wp-content\/uploads\/2026\/03\/490134740_2372965509750680_7238661878333734390_n-300x200.jpg\" class=\"attachment-medium size-medium wp-image-2737\" alt=\"\" srcset=\"https:\/\/cissstmoise.com\/wp-content\/uploads\/2026\/03\/490134740_2372965509750680_7238661878333734390_n-300x200.jpg 300w, https:\/\/cissstmoise.com\/wp-content\/uploads\/2026\/03\/490134740_2372965509750680_7238661878333734390_n-1024x683.jpg 1024w, https:\/\/cissstmoise.com\/wp-content\/uploads\/2026\/03\/490134740_2372965509750680_7238661878333734390_n-768x512.jpg 768w, https:\/\/cissstmoise.com\/wp-content\/uploads\/2026\/03\/490134740_2372965509750680_7238661878333734390_n-18x12.jpg 18w, https:\/\/cissstmoise.com\/wp-content\/uploads\/2026\/03\/490134740_2372965509750680_7238661878333734390_n-900x600.jpg 900w, https:\/\/cissstmoise.com\/wp-content\/uploads\/2026\/03\/490134740_2372965509750680_7238661878333734390_n.jpg 1152w\" sizes=\"(max-width: 300px) 100vw, 300px\" \/><a area-hidden=\"true\"  title=\"D\u00e9fil\u00e9 3\" aria-label=\"eael-magnific-video-link\" href=\"https:\/\/www.youtube-nocookie.com\/embed\/Z2ZTrCWko6M\" class=\"video-popup eael-magnific-link eael-magnific-link-clone active eael-magnific-video-link mfp-iframe playout-horizontal\" data-id=\"e9c1f2a\" data-elementor-open-lightbox=\"yes\"><div class=\"video-popup-bg gallery-item-caption-wrap caption-style-hoverer eael-slide-up\"><div class=\"gallery-item-caption-over\"><h2 class=\"fg-item-title\">D\u00e9fil\u00e9 3<\/h2><\/div><\/div><img decoding=\"async\" width=\"62\" height=\"62\" src=\"https:\/\/cissstmoise.com\/wp-content\/plugins\/essential-addons-for-elementor-lite\/assets\/front-end\/img\/play-icon.png\" alt=\"eael-fg-video-play-icon\" ><\/a><\/div><\/div><\/div><div class=\"eael-filterable-gallery-item-wrap\">\n\t\t\t\t<div class=\"eael-gallery-grid-item\"><div class=\"gallery-item-thumbnail-wrap\"><img fetchpriority=\"high\" decoding=\"async\" width=\"300\" height=\"200\" src=\"https:\/\/cissstmoise.com\/wp-content\/uploads\/2026\/03\/490134740_2372965509750680_7238661878333734390_n-300x200.jpg\" class=\"attachment-medium size-medium wp-image-2737\" alt=\"\" srcset=\"https:\/\/cissstmoise.com\/wp-content\/uploads\/2026\/03\/490134740_2372965509750680_7238661878333734390_n-300x200.jpg 300w, https:\/\/cissstmoise.com\/wp-content\/uploads\/2026\/03\/490134740_2372965509750680_7238661878333734390_n-1024x683.jpg 1024w, https:\/\/cissstmoise.com\/wp-content\/uploads\/2026\/03\/490134740_2372965509750680_7238661878333734390_n-768x512.jpg 768w, https:\/\/cissstmoise.com\/wp-content\/uploads\/2026\/03\/490134740_2372965509750680_7238661878333734390_n-18x12.jpg 18w, https:\/\/cissstmoise.com\/wp-content\/uploads\/2026\/03\/490134740_2372965509750680_7238661878333734390_n-900x600.jpg 900w, https:\/\/cissstmoise.com\/wp-content\/uploads\/2026\/03\/490134740_2372965509750680_7238661878333734390_n.jpg 1152w\" sizes=\"(max-width: 300px) 100vw, 300px\" \/><a area-hidden=\"true\"  title=\"D\u00e9fil\u00e9 4\" aria-label=\"eael-magnific-video-link\" href=\"https:\/\/www.youtube-nocookie.com\/embed\/Z2ZTrCWko6M\" class=\"video-popup eael-magnific-link eael-magnific-link-clone active eael-magnific-video-link mfp-iframe playout-horizontal\" data-id=\"2924667\" data-elementor-open-lightbox=\"yes\"><div class=\"video-popup-bg gallery-item-caption-wrap caption-style-hoverer eael-slide-up\"><div class=\"gallery-item-caption-over\"><h2 class=\"fg-item-title\">D\u00e9fil\u00e9 4<\/h2><div class=\"fg-item-content\"><p>Lorem ipsum dolor sit amet, consectetur adipisicing elit. Quidem, provident.<\/p>\n<\/div><\/div><\/div><img decoding=\"async\" width=\"62\" height=\"62\" src=\"https:\/\/cissstmoise.com\/wp-content\/plugins\/essential-addons-for-elementor-lite\/assets\/front-end\/img\/play-icon.png\" alt=\"eael-fg-video-play-icon\" ><\/a><\/div><\/div><\/div>        <\/div>\n                <\/div>\n        \n        \t\t\t\t<\/div>\n\t\t\t\t<\/div>\n\t\t\t\t\t<\/div>\n\t\t\t\t<\/div>\n\t\t\t\t<\/div>","protected":false},"excerpt":{"rendered":"<p>D\u00e9fil\u00e9s 1 D\u00e9fil\u00e9 2 D\u00e9fil\u00e9 3 D\u00e9fil\u00e9 4 Lorem ipsum dolor sit amet, consectetur adipisicing elit. Quidem, provident.<\/p>","protected":false},"author":5,"featured_media":0,"parent":0,"menu_order":0,"comment_status":"closed","ping_status":"closed","template":"","meta":{"_acf_changed":false,"footnotes":""},"class_list":["post-2742","page","type-page","status-publish","hentry"],"acf":[],"_links":{"self":[{"href":"https:\/\/cissstmoise.com\/en\/wp-json\/wp\/v2\/pages\/2742","targetHints":{"allow":["GET"]}}],"collection":[{"href":"https:\/\/cissstmoise.com\/en\/wp-json\/wp\/v2\/pages"}],"about":[{"href":"https:\/\/cissstmoise.com\/en\/wp-json\/wp\/v2\/types\/page"}],"author":[{"embeddable":true,"href":"https:\/\/cissstmoise.com\/en\/wp-json\/wp\/v2\/users\/5"}],"replies":[{"embeddable":true,"href":"https:\/\/cissstmoise.com\/en\/wp-json\/wp\/v2\/comments?post=2742"}],"version-history":[{"count":38,"href":"https:\/\/cissstmoise.com\/en\/wp-json\/wp\/v2\/pages\/2742\/revisions"}],"predecessor-version":[{"id":2797,"href":"https:\/\/cissstmoise.com\/en\/wp-json\/wp\/v2\/pages\/2742\/revisions\/2797"}],"wp:attachment":[{"href":"https:\/\/cissstmoise.com\/en\/wp-json\/wp\/v2\/media?parent=2742"}],"curies":[{"name":"wp","href":"https:\/\/api.w.org\/{rel}","templated":true}]}}