{"id":1666,"date":"2025-07-28T19:59:23","date_gmt":"2025-07-28T17:59:23","guid":{"rendered":"https:\/\/cissstmoise.com\/?post_type=product&#038;p=1666"},"modified":"2026-04-17T11:55:04","modified_gmt":"2026-04-17T11:55:04","slug":"tenue-safari-blanc","status":"publish","type":"product","link":"https:\/\/cissstmoise.com\/en\/modele\/tenue-safari-blanc\/","title":{"rendered":"SAFARI BLANC"},"content":{"rendered":"<p data-start=\"434\" data-end=\"879\"><strong data-start=\"437\" data-end=\"446\">Tissu<\/strong> : En lin naturel, l\u00e9ger et respirant \u2013 id\u00e9al pour les journ\u00e9es chaudes ou les grandes occasions.<br data-start=\"545\" data-end=\"548\" \/><strong data-start=\"551\" data-end=\"561\">Design<\/strong> : Coupe droite et \u00e9pur\u00e9e, col rond avec boutonnage discret et raffin\u00e9.<br data-start=\"632\" data-end=\"635\" \/><strong data-start=\"638\" data-end=\"651\">Finitions<\/strong> : D\u00e9tails soign\u00e9s au niveau des manches, de la poche poitrine et des coutures \u2013 reflet d\u2019un savoir-faire artisanal d\u2019exception.<br data-start=\"779\" data-end=\"782\" \/><strong data-start=\"785\" data-end=\"794\">Style<\/strong> : Parfait \u00e9quilibre entre modernit\u00e9 et tradition, pour un look noble et authentique.<\/p>\n<hr data-start=\"881\" data-end=\"884\" \/>\n<p data-start=\"886\" data-end=\"1165\"><strong data-start=\"889\" data-end=\"906\">\u00c0 porter pour<\/strong> : mariages, f\u00eates traditionnelles, c\u00e9r\u00e9monies religieuses, \u00e9v\u00e9nements professionnels ou simplement pour affirmer un style chic et affirm\u00e9 au quotidien.<br data-start=\"1058\" data-end=\"1061\" \/><strong data-start=\"1064\" data-end=\"1114\">Disponible sur commande dans plusieurs tailles<\/strong> \u2013 Personnalisation possible selon vos pr\u00e9f\u00e9rences.<\/p>\n<hr data-start=\"1167\" data-end=\"1170\" \/>\n<h3 data-section-id=\"fs08fu\" data-start=\"1172\" data-end=\"1245\"><strong data-start=\"1179\" data-end=\"1245\">Exprimez votre h\u00e9ritage avec classe. Choisissez Ciss St Mo\u00efse.<\/strong><\/h3>","protected":false},"excerpt":{"rendered":"<p>Offrez-vous un symbole d\u2019\u00e9l\u00e9gance et de raffinement avec nos tenues<strong data-start=\"318\" data-end=\"351\">\u00a0pour homme<\/strong>, issue de la prestigieuse <strong data-start=\"378\" data-end=\"406\">Collection H\u00e9ritage 2025<\/strong> sign\u00e9e <strong data-start=\"414\" data-end=\"431\">Ciss St Mo\u00efse<\/strong>.<\/p>","protected":false},"featured_media":1669,"template":"","meta":{"_acf_changed":false},"product_cat":[15],"product_tag":[94],"class_list":{"0":"post-1666","1":"product","2":"type-product","3":"status-publish","4":"has-post-thumbnail","6":"product_cat-uncategorized","7":"product_tag-collection-heritage","9":"first","10":"instock","11":"shipping-taxable","12":"purchasable","13":"product-type-simple","swatches":"rey-swatches","show_selected":""},"acf":[],"_links":{"self":[{"href":"https:\/\/cissstmoise.com\/en\/wp-json\/wp\/v2\/product\/1666","targetHints":{"allow":["GET"]}}],"collection":[{"href":"https:\/\/cissstmoise.com\/en\/wp-json\/wp\/v2\/product"}],"about":[{"href":"https:\/\/cissstmoise.com\/en\/wp-json\/wp\/v2\/types\/product"}],"wp:featuredmedia":[{"embeddable":true,"href":"https:\/\/cissstmoise.com\/en\/wp-json\/wp\/v2\/media\/1669"}],"wp:attachment":[{"href":"https:\/\/cissstmoise.com\/en\/wp-json\/wp\/v2\/media?parent=1666"}],"wp:term":[{"taxonomy":"product_cat","embeddable":true,"href":"https:\/\/cissstmoise.com\/en\/wp-json\/wp\/v2\/product_cat?post=1666"},{"taxonomy":"product_tag","embeddable":true,"href":"https:\/\/cissstmoise.com\/en\/wp-json\/wp\/v2\/product_tag?post=1666"}],"curies":[{"name":"wp","href":"https:\/\/api.w.org\/{rel}","templated":true}]}}