{"id":2297,"date":"2025-11-27T16:22:22","date_gmt":"2025-11-27T15:22:22","guid":{"rendered":"https:\/\/cissstmoise.com\/?post_type=product&#038;p=2297"},"modified":"2026-04-17T11:52:26","modified_gmt":"2026-04-17T11:52:26","slug":"siempre","status":"publish","type":"product","link":"https:\/\/cissstmoise.com\/en\/modele\/siempre\/","title":{"rendered":"SIEMPRE"},"content":{"rendered":"<div class=\"rey-wcPanels\">\n<div class=\"rey-wcPanel rey-wcPanel--description rey-wcPanel--ord-1\">\n<div class=\"rey-wcPanel-inner\">\n<p data-start=\"105\" data-end=\"312\"><strong data-start=\"105\" data-end=\"116\">Tissu :<\/strong> Confectionn\u00e9 en lin naturel de haute qualit\u00e9, l\u00e9ger, respirant et incroyablement agr\u00e9able \u00e0 porter. Un tissu parfait pour allier \u00e9l\u00e9gance et confort, m\u00eame dans les environnements les plus chauds.<\/p>\n<p data-start=\"314\" data-end=\"561\"><strong data-start=\"314\" data-end=\"326\">Design :<\/strong> Coupe droite et \u00e9pur\u00e9e, dot\u00e9e d\u2019un col officier moderne et d\u2019un boutonnage central discret. La chemise se distingue par sa teinte blanche immacul\u00e9e, rehauss\u00e9e d\u2019un motif minimaliste \u00e0 rayures noires positionn\u00e9 subtilement sur le c\u00f4t\u00e9.<\/p>\n<p data-start=\"563\" data-end=\"770\"><strong data-start=\"563\" data-end=\"578\">Finitions :<\/strong> Couture nette et pr\u00e9cise, boutons soigneusement assortis, poche poitrine minimaliste \u00e9l\u00e9gamment int\u00e9gr\u00e9e. Chaque d\u00e9tail t\u00e9moigne d\u2019un savoir-faire soign\u00e9 et d\u2019un travail artisanal m\u00e9ticuleux.<\/p>\n<p data-start=\"772\" data-end=\"986\"><strong data-start=\"772\" data-end=\"783\">Style :<\/strong> Une pi\u00e8ce qui incarne simplicit\u00e9, noblesse et modernit\u00e9. Son design \u00e9pur\u00e9 et ses touches graphiques d\u00e9licates en font un v\u00eatement chic, sobre et raffin\u00e9 \u2013 parfait pour un look distingu\u00e9 et contemporain.<\/p>\n<hr data-start=\"881\" data-end=\"884\" \/>\n<p data-start=\"988\" data-end=\"1154\"><strong data-start=\"988\" data-end=\"1007\">\u00c0 porter pour :<\/strong> \u00e9v\u00e9nements professionnels, c\u00e9r\u00e9monies sobres, rendez-vous \u00e9l\u00e9gants, occasions sp\u00e9ciales ou pour affirmer un style classe et ma\u00eetris\u00e9 au quotidien.<\/p>\n<p data-start=\"1156\" data-end=\"1261\"><strong data-start=\"1156\" data-end=\"1183\">Disponible sur commande<\/strong>, avec options de personnalisation et plusieurs tailles selon vos pr\u00e9f\u00e9rences.<\/p>\n<hr data-start=\"1167\" data-end=\"1170\" \/>\n<h3>Chaque d\u00e9tail compte dans votre ascension<strong data-start=\"1179\" data-end=\"1245\">. Choisissez Ciss St Mo\u00efse<\/strong><\/h3>\n<\/div>\n<\/div>\n<\/div>","protected":false},"excerpt":{"rendered":"<p>Offrez-vous un symbole d\u2019\u00e9l\u00e9gance et de raffinement avec nos tenues<strong data-start=\"318\" data-end=\"351\">\u00a0pour homme<\/strong>, issue de la prestigieuse <strong data-start=\"378\" data-end=\"406\">Collection Ambition 2025<\/strong> sign\u00e9e <strong data-start=\"414\" data-end=\"431\">Ciss St Mo\u00efse<\/strong>.<\/p>","protected":false},"featured_media":2549,"template":"","meta":{"_acf_changed":false},"product_cat":[15],"product_tag":[93],"class_list":{"0":"post-2297","1":"product","2":"type-product","3":"status-publish","4":"has-post-thumbnail","6":"product_cat-uncategorized","7":"product_tag-collection-ambition","9":"first","10":"instock","11":"shipping-taxable","12":"purchasable","13":"product-type-simple","swatches":"rey-swatches","show_selected":""},"acf":[],"_links":{"self":[{"href":"https:\/\/cissstmoise.com\/en\/wp-json\/wp\/v2\/product\/2297","targetHints":{"allow":["GET"]}}],"collection":[{"href":"https:\/\/cissstmoise.com\/en\/wp-json\/wp\/v2\/product"}],"about":[{"href":"https:\/\/cissstmoise.com\/en\/wp-json\/wp\/v2\/types\/product"}],"wp:featuredmedia":[{"embeddable":true,"href":"https:\/\/cissstmoise.com\/en\/wp-json\/wp\/v2\/media\/2549"}],"wp:attachment":[{"href":"https:\/\/cissstmoise.com\/en\/wp-json\/wp\/v2\/media?parent=2297"}],"wp:term":[{"taxonomy":"product_cat","embeddable":true,"href":"https:\/\/cissstmoise.com\/en\/wp-json\/wp\/v2\/product_cat?post=2297"},{"taxonomy":"product_tag","embeddable":true,"href":"https:\/\/cissstmoise.com\/en\/wp-json\/wp\/v2\/product_tag?post=2297"}],"curies":[{"name":"wp","href":"https:\/\/api.w.org\/{rel}","templated":true}]}}