{"id":2298,"date":"2025-11-27T16:24:04","date_gmt":"2025-11-27T15:24:04","guid":{"rendered":"https:\/\/cissstmoise.com\/?post_type=product&#038;p=2298"},"modified":"2026-04-17T11:52:26","modified_gmt":"2026-04-17T11:52:26","slug":"kora","status":"publish","type":"product","link":"https:\/\/cissstmoise.com\/en\/modele\/kora\/","title":{"rendered":"KORA"},"content":{"rendered":"<div class=\"rey-wcPanels\">\n<div class=\"rey-wcPanel rey-wcPanel--description rey-wcPanel--ord-1\">\n<div class=\"rey-wcPanel-inner\">\n<p data-start=\"119\" data-end=\"290\"><strong data-start=\"119\" data-end=\"130\">Tissu :<\/strong> Confectionn\u00e9 en lin naturel l\u00e9ger, doux au toucher et parfaitement a\u00e9r\u00e9. Une mati\u00e8re confortable qui garantit \u00e9l\u00e9gance et bien-\u00eatre tout au long de la journ\u00e9e.<\/p>\n<p data-start=\"292\" data-end=\"568\"><strong data-start=\"292\" data-end=\"304\">Design :<\/strong> Chemise \u00e0 coupe droite, avec un col classique et un boutonnage central harmonieux. Le tissu d\u2019un jaune profond conf\u00e8re une allure chaleureuse et distinctive. Les bandes d\u00e9coratives verticales \u00e0 motifs g\u00e9om\u00e9triques apportent une touche d\u2019originalit\u00e9 et d\u2019identit\u00e9.<\/p>\n<p data-start=\"570\" data-end=\"769\"><strong data-start=\"570\" data-end=\"585\">Finitions :<\/strong> D\u00e9tails soign\u00e9s au niveau des poches poitrine, coutures nettes et r\u00e9guli\u00e8res, broderies d\u00e9licates int\u00e9gr\u00e9es avec pr\u00e9cision. Le travail artisanal se r\u00e9v\u00e8le dans chaque petite finition.<\/p>\n<p data-start=\"771\" data-end=\"966\"><strong data-start=\"771\" data-end=\"782\">Style :<\/strong> Un parfait m\u00e9lange entre modernit\u00e9 et raffinement. Son esth\u00e9tique \u00e9pur\u00e9e, relev\u00e9e par des accents traditionnels, en fait une pi\u00e8ce forte pour un look affirm\u00e9, \u00e9l\u00e9gant et contemporain.<\/p>\n<hr data-start=\"881\" data-end=\"884\" \/>\n<p data-start=\"968\" data-end=\"1147\"><strong data-start=\"968\" data-end=\"987\">\u00c0 porter pour :<\/strong> r\u00e9unions professionnelles, sorties chics, c\u00e9r\u00e9monies simples, f\u00eates traditionnelles, ou tout moment o\u00f9 l\u2019on souhaite afficher un style s\u00fbr, original et soign\u00e9.<\/p>\n<p data-start=\"1149\" data-end=\"1250\"><strong data-start=\"1149\" data-end=\"1176\">Disponible sur commande<\/strong>, avec options de personnalisation et plusieurs tailles selon vos besoins.<\/p>\n<h3>Chaque d\u00e9tail compte dans votre ascension<strong data-start=\"1179\" data-end=\"1245\">. Choisissez Ciss St Mo\u00efse<\/strong><\/h3>\n<\/div>\n<\/div>\n<\/div>","protected":false},"excerpt":{"rendered":"<p>Offrez-vous un symbole d\u2019\u00e9l\u00e9gance et de raffinement avec nos tenues<strong data-start=\"318\" data-end=\"351\">\u00a0pour homme<\/strong>, issue de la prestigieuse <strong data-start=\"378\" data-end=\"406\">Collection Ambition 2025<\/strong> sign\u00e9e <strong data-start=\"414\" data-end=\"431\">Ciss St Mo\u00efse<\/strong>.<\/p>","protected":false},"featured_media":2536,"template":"","meta":{"_acf_changed":false},"product_cat":[15],"product_tag":[93],"class_list":{"0":"post-2298","1":"product","2":"type-product","3":"status-publish","4":"has-post-thumbnail","6":"product_cat-uncategorized","7":"product_tag-collection-ambition","9":"first","10":"instock","11":"shipping-taxable","12":"purchasable","13":"product-type-simple","swatches":"rey-swatches","show_selected":""},"acf":[],"_links":{"self":[{"href":"https:\/\/cissstmoise.com\/en\/wp-json\/wp\/v2\/product\/2298","targetHints":{"allow":["GET"]}}],"collection":[{"href":"https:\/\/cissstmoise.com\/en\/wp-json\/wp\/v2\/product"}],"about":[{"href":"https:\/\/cissstmoise.com\/en\/wp-json\/wp\/v2\/types\/product"}],"wp:featuredmedia":[{"embeddable":true,"href":"https:\/\/cissstmoise.com\/en\/wp-json\/wp\/v2\/media\/2536"}],"wp:attachment":[{"href":"https:\/\/cissstmoise.com\/en\/wp-json\/wp\/v2\/media?parent=2298"}],"wp:term":[{"taxonomy":"product_cat","embeddable":true,"href":"https:\/\/cissstmoise.com\/en\/wp-json\/wp\/v2\/product_cat?post=2298"},{"taxonomy":"product_tag","embeddable":true,"href":"https:\/\/cissstmoise.com\/en\/wp-json\/wp\/v2\/product_tag?post=2298"}],"curies":[{"name":"wp","href":"https:\/\/api.w.org\/{rel}","templated":true}]}}