{"id":2300,"date":"2025-11-27T16:28:00","date_gmt":"2025-11-27T15:28:00","guid":{"rendered":"https:\/\/cissstmoise.com\/?post_type=product&#038;p=2300"},"modified":"2026-04-17T11:52:26","modified_gmt":"2026-04-17T11:52:26","slug":"nairobi","status":"publish","type":"product","link":"https:\/\/cissstmoise.com\/en\/modele\/nairobi\/","title":{"rendered":"NAIROBI"},"content":{"rendered":"<div class=\"rey-wcPanels\">\n<div class=\"rey-wcPanel rey-wcPanel--description rey-wcPanel--ord-1\">\n<div class=\"rey-wcPanel-inner\">\n<p data-start=\"152\" data-end=\"308\"><strong data-start=\"152\" data-end=\"163\">Tissu :<\/strong> R\u00e9alis\u00e9 en lin naturel premium, doux, respirant et tr\u00e8s agr\u00e9able \u00e0 porter. Une mati\u00e8re id\u00e9ale pour rester \u00e9l\u00e9gant m\u00eame sous les fortes chaleurs.<\/p>\n<p data-start=\"310\" data-end=\"515\"><strong data-start=\"310\" data-end=\"322\">Design :<\/strong> Coupe longue et droite avec un tomb\u00e9 fluide. Col officier raffin\u00e9 accompagn\u00e9 d\u2019un boutonnage discret sur la poitrine. Le motif \u00e0 fines rayures verticales apporte une allure \u00e9lanc\u00e9e et moderne.<\/p>\n<p data-start=\"517\" data-end=\"716\"><strong data-start=\"517\" data-end=\"532\">Finitions :<\/strong> Couture nette et r\u00e9guli\u00e8re, manches longues soigneusement ajust\u00e9es, poches poitrine int\u00e9gr\u00e9es avec subtilit\u00e9. Les d\u00e9tails minimalistes t\u00e9moignent d\u2019un savoir-faire artisanal ma\u00eetris\u00e9.<\/p>\n<p data-start=\"718\" data-end=\"938\"><strong data-start=\"718\" data-end=\"729\">Style :<\/strong> Une pi\u00e8ce qui marie sobri\u00e9t\u00e9, chic et authenticit\u00e9. Son esth\u00e9tique \u00e9pur\u00e9e et contemporaine en fait un v\u00eatement polyval<\/p>\n<hr data-start=\"881\" data-end=\"884\" \/>\n<p data-start=\"940\" data-end=\"1110\"><strong data-start=\"940\" data-end=\"959\">\u00c0 porter pour :<\/strong> sorties professionnelles, c\u00e9r\u00e9monies simples, \u00e9v\u00e9nements traditionnels, rencontres d\u00e9contract\u00e9es ou pour affirmer une \u00e9l\u00e9gance naturelle au quotidien.<\/p>\n<p data-start=\"1112\" data-end=\"1217\"><strong data-start=\"1112\" data-end=\"1139\">Disponible sur commande<\/strong>, avec options de personnalisation et plusieurs tailles selon vos pr\u00e9f\u00e9rences.<\/p>\n<h3><\/h3>\n<h3>Chaque d\u00e9tail compte dans votre ascension<strong data-start=\"1179\" data-end=\"1245\">. Choisissez Ciss St Mo\u00efse<\/strong><\/h3>\n<\/div>\n<\/div>\n<\/div>","protected":false},"excerpt":{"rendered":"<p>Offrez-vous un symbole d\u2019\u00e9l\u00e9gance et de raffinement avec nos tenues<strong data-start=\"318\" data-end=\"351\">\u00a0pour homme<\/strong>, issue de la prestigieuse <strong data-start=\"378\" data-end=\"406\">Collection Ambition 2025<\/strong> sign\u00e9e <strong data-start=\"414\" data-end=\"431\">Ciss St Mo\u00efse<\/strong>.<\/p>","protected":false},"featured_media":2541,"template":"","meta":{"_acf_changed":false},"product_cat":[15],"product_tag":[93],"class_list":{"0":"post-2300","1":"product","2":"type-product","3":"status-publish","4":"has-post-thumbnail","6":"product_cat-uncategorized","7":"product_tag-collection-ambition","9":"first","10":"instock","11":"shipping-taxable","12":"purchasable","13":"product-type-simple","swatches":"rey-swatches","show_selected":""},"acf":[],"_links":{"self":[{"href":"https:\/\/cissstmoise.com\/en\/wp-json\/wp\/v2\/product\/2300","targetHints":{"allow":["GET"]}}],"collection":[{"href":"https:\/\/cissstmoise.com\/en\/wp-json\/wp\/v2\/product"}],"about":[{"href":"https:\/\/cissstmoise.com\/en\/wp-json\/wp\/v2\/types\/product"}],"wp:featuredmedia":[{"embeddable":true,"href":"https:\/\/cissstmoise.com\/en\/wp-json\/wp\/v2\/media\/2541"}],"wp:attachment":[{"href":"https:\/\/cissstmoise.com\/en\/wp-json\/wp\/v2\/media?parent=2300"}],"wp:term":[{"taxonomy":"product_cat","embeddable":true,"href":"https:\/\/cissstmoise.com\/en\/wp-json\/wp\/v2\/product_cat?post=2300"},{"taxonomy":"product_tag","embeddable":true,"href":"https:\/\/cissstmoise.com\/en\/wp-json\/wp\/v2\/product_tag?post=2300"}],"curies":[{"name":"wp","href":"https:\/\/api.w.org\/{rel}","templated":true}]}}