{"id":2489,"date":"2025-11-27T16:36:25","date_gmt":"2025-11-27T15:36:25","guid":{"rendered":"https:\/\/cissstmoise.com\/?post_type=product&#038;p=2489"},"modified":"2026-04-17T11:52:26","modified_gmt":"2026-04-17T11:52:26","slug":"victory-song","status":"publish","type":"product","link":"https:\/\/cissstmoise.com\/en\/modele\/victory-song\/","title":{"rendered":"VICTORY SONG"},"content":{"rendered":"<p data-start=\"138\" data-end=\"359\"><strong data-start=\"138\" data-end=\"149\">Tissu :<\/strong> Confectionn\u00e9 en lin naturel, ce haut allie l\u00e9g\u00e8ret\u00e9 et respirabilit\u00e9 pour offrir un confort optimal. Sa mati\u00e8re noble en fait un choix id\u00e9al aussi bien pour les journ\u00e9es chaudes que pour les grandes occasions.<\/p>\n<p data-start=\"361\" data-end=\"579\"><strong data-start=\"361\" data-end=\"373\">Design :<\/strong> Il pr\u00e9sente une coupe droite et \u00e9pur\u00e9e, rehauss\u00e9e d\u2019un col rond agr\u00e9ment\u00e9 d\u2019un boutonnage discret et raffin\u00e9. La couleur orange lumineuse apporte une touche moderne et expressive, tout en restant \u00e9l\u00e9gante.<\/p>\n<p data-start=\"581\" data-end=\"841\"><strong data-start=\"581\" data-end=\"596\">Finitions :<\/strong> Les d\u00e9tails sont soigneusement travaill\u00e9s : une poche poitrine mise en valeur par un jeu de couleurs contrast\u00e9 et une broderie d\u00e9licate, des manches aux lignes nettes, et des coutures pr\u00e9cises t\u00e9moignant d\u2019un savoir-faire artisanal d\u2019exception.<\/p>\n<p data-start=\"843\" data-end=\"1055\"><strong data-start=\"843\" data-end=\"854\">Style :<\/strong> Ce v\u00eatement incarne un \u00e9quilibre harmonieux entre modernit\u00e9 et tradition. Son esth\u00e9tique noble, authentique et chaleureuse en fait une pi\u00e8ce distinctive qui affirme le caract\u00e8re de celui qui le porte.<\/p>\n<hr data-start=\"881\" data-end=\"884\" \/>\n<p data-start=\"1057\" data-end=\"1240\"><strong data-start=\"1057\" data-end=\"1076\">\u00c0 porter pour :<\/strong> mariages, f\u00eates traditionnelles, c\u00e9r\u00e9monies religieuses, \u00e9v\u00e9nements professionnels, ou tout simplement pour afficher un style chic, assur\u00e9 et \u00e9l\u00e9gant au quotidien.<\/p>\n<p data-start=\"1242\" data-end=\"1362\"><strong data-start=\"1242\" data-end=\"1261\">Disponibilit\u00e9 :<\/strong> R\u00e9alis\u00e9 sur commande dans plusieurs tailles \u2013 possibilit\u00e9 de personnalisation selon vos pr\u00e9f\u00e9rences.<\/p>\n<hr data-start=\"1167\" data-end=\"1170\" \/>\n<h3>Chaque d\u00e9tail compte dans votre ascension<strong data-start=\"1179\" data-end=\"1245\">. Choisissez Ciss St Mo\u00efse.<\/strong><\/h3>","protected":false},"excerpt":{"rendered":"<p>Tissu : Confectionn\u00e9 en lin naturel, ce haut allie l\u00e9g\u00e8ret\u00e9 et respirabilit\u00e9 pour offrir un confort optimal. Sa mati\u00e8re noble en fait un choix id\u00e9al aussi bien pour les journ\u00e9es chaudes que pour les grandes occasions. Design : Il pr\u00e9sente une coupe droite et \u00e9pur\u00e9e, rehauss\u00e9e d\u2019un col rond agr\u00e9ment\u00e9 d\u2019un boutonnage discret et raffin\u00e9. [&hellip;]<\/p>","protected":false},"featured_media":2537,"template":"","meta":{"_acf_changed":false},"product_cat":[15],"product_tag":[93],"class_list":{"0":"post-2489","1":"product","2":"type-product","3":"status-publish","4":"has-post-thumbnail","6":"product_cat-uncategorized","7":"product_tag-collection-ambition","9":"first","10":"instock","11":"shipping-taxable","12":"purchasable","13":"product-type-variable","swatches":"rey-swatches","show_selected":""},"acf":[],"_links":{"self":[{"href":"https:\/\/cissstmoise.com\/en\/wp-json\/wp\/v2\/product\/2489","targetHints":{"allow":["GET"]}}],"collection":[{"href":"https:\/\/cissstmoise.com\/en\/wp-json\/wp\/v2\/product"}],"about":[{"href":"https:\/\/cissstmoise.com\/en\/wp-json\/wp\/v2\/types\/product"}],"wp:featuredmedia":[{"embeddable":true,"href":"https:\/\/cissstmoise.com\/en\/wp-json\/wp\/v2\/media\/2537"}],"wp:attachment":[{"href":"https:\/\/cissstmoise.com\/en\/wp-json\/wp\/v2\/media?parent=2489"}],"wp:term":[{"taxonomy":"product_cat","embeddable":true,"href":"https:\/\/cissstmoise.com\/en\/wp-json\/wp\/v2\/product_cat?post=2489"},{"taxonomy":"product_tag","embeddable":true,"href":"https:\/\/cissstmoise.com\/en\/wp-json\/wp\/v2\/product_tag?post=2489"}],"curies":[{"name":"wp","href":"https:\/\/api.w.org\/{rel}","templated":true}]}}